{"id":4875,"date":"2023-01-26T14:56:41","date_gmt":"2023-01-26T14:56:41","guid":{"rendered":"https:\/\/talent-maker.eu\/testimonials\/"},"modified":"2023-06-06T08:09:32","modified_gmt":"2023-06-06T08:09:32","slug":"testimonials","status":"publish","type":"page","link":"https:\/\/talent-maker.eu\/ro\/testimonials\/","title":{"rendered":"M\u0103rturii"},"content":{"rendered":"\t\t<div data-elementor-type=\"wp-page\" data-elementor-id=\"4875\" class=\"elementor elementor-4875 elementor-3324\">\n\t\t\t\t\t\t<section class=\"elementor-section elementor-top-section elementor-element elementor-element-00232f5 elementor-section-boxed elementor-section-height-default elementor-section-height-default\" data-id=\"00232f5\" data-element_type=\"section\" data-settings=\"{&quot;background_background&quot;:&quot;classic&quot;}\">\n\t\t\t\t\t\t<div class=\"elementor-container elementor-column-gap-default\">\n\t\t\t\t\t<div class=\"elementor-column elementor-col-100 elementor-top-column elementor-element elementor-element-aec50db\" data-id=\"aec50db\" data-element_type=\"column\">\n\t\t\t<div class=\"elementor-widget-wrap elementor-element-populated\">\n\t\t\t\t\t\t<div class=\"elementor-element elementor-element-8944744 elementor-widget elementor-widget-heading\" data-id=\"8944744\" data-element_type=\"widget\" data-widget_type=\"heading.default\">\n\t\t\t\t<div class=\"elementor-widget-container\">\n\t\t\t\t\t<h2 class=\"elementor-heading-title elementor-size-default\">M\u0103rturii<\/h2>\t\t\t\t<\/div>\n\t\t\t\t<\/div>\n\t\t\t\t<div class=\"elementor-element elementor-element-e985659 elementor-widget elementor-widget-text-editor\" data-id=\"e985659\" data-element_type=\"widget\" data-widget_type=\"text-editor.default\">\n\t\t\t\t<div class=\"elementor-widget-container\">\n\t\t\t\t\t\t\t\t\t<p>Vede\u021bi cum au experimentat proiectul membrii echipei Talent Maker din Spania, Rom\u00e2nia \u0219i Grecia \u0219i profesorii forma\u021bi \u00een Metodologia sa din toat\u0103 Europa.<\/p>\n\t\t\t\t\t\t\t\t<\/div>\n\t\t\t\t<\/div>\n\t\t\t\t\t<\/div>\n\t\t<\/div>\n\t\t\t\t\t<\/div>\n\t\t<\/section>\n\t\t\t\t<section class=\"elementor-section elementor-top-section elementor-element elementor-element-5e552627 elementor-section-boxed elementor-section-height-default elementor-section-height-default\" data-id=\"5e552627\" data-element_type=\"section\" data-settings=\"{&quot;background_background&quot;:&quot;classic&quot;}\">\n\t\t\t\t\t\t<div class=\"elementor-container elementor-column-gap-default\">\n\t\t\t\t\t<div class=\"elementor-column elementor-col-100 elementor-top-column elementor-element elementor-element-7b299fe3\" data-id=\"7b299fe3\" data-element_type=\"column\">\n\t\t\t<div class=\"elementor-widget-wrap elementor-element-populated\">\n\t\t\t\t\t\t<div class=\"elementor-element elementor-element-3dd333a1 elementor-widget elementor-widget-text-editor\" data-id=\"3dd333a1\" data-element_type=\"widget\" data-widget_type=\"text-editor.default\">\n\t\t\t\t<div class=\"elementor-widget-container\">\n\t\t\t\t\t\t\t\t\t<p>Face\u021bi cuno\u0219tin\u021b\u0103 cu oamenii din spatele partenerilor no\u0219tri greci \u0219i rom\u00e2ni. Afla\u021bi cum definesc Talent Maker \u0219i semnifica\u021bia pentru organiza\u021biile lor. Descoperi\u021bi ceea ce consider\u0103 ei c\u0103 sunt beneficiile pentru comunit\u0103\u021bile lor \u0219i multe altele.<\/p>\n\t\t\t\t\t\t\t\t<\/div>\n\t\t\t\t<\/div>\n\t\t\t\t\t<\/div>\n\t\t<\/div>\n\t\t\t\t\t<\/div>\n\t\t<\/section>\n\t\t\t\t<section class=\"elementor-section elementor-top-section elementor-element elementor-element-4cdae3e1 elementor-section-boxed elementor-section-height-default elementor-section-height-default\" data-id=\"4cdae3e1\" data-element_type=\"section\" data-settings=\"{&quot;background_background&quot;:&quot;classic&quot;}\">\n\t\t\t\t\t\t<div class=\"elementor-container elementor-column-gap-extended\">\n\t\t\t\t\t<div class=\"elementor-column elementor-col-50 elementor-top-column elementor-element elementor-element-6c806efb\" data-id=\"6c806efb\" data-element_type=\"column\">\n\t\t\t<div class=\"elementor-widget-wrap elementor-element-populated\">\n\t\t\t\t\t\t<div class=\"elementor-element elementor-element-a1d3a04 elementor-widget elementor-widget-video\" data-id=\"a1d3a04\" data-element_type=\"widget\" data-settings=\"{&quot;youtube_url&quot;:&quot;https:\\\/\\\/youtube.com\\\/watch?v=FBCyBpSe0mI&amp;si=EnSIkaIECMiOmarE&quot;,&quot;video_type&quot;:&quot;youtube&quot;,&quot;controls&quot;:&quot;yes&quot;}\" data-widget_type=\"video.default\">\n\t\t\t\t<div class=\"elementor-widget-container\">\n\t\t\t\t\t\t\t<div class=\"elementor-wrapper elementor-open-inline\">\n\t\t\t<div class=\"elementor-video\"><\/div>\t\t<\/div>\n\t\t\t\t\t\t<\/div>\n\t\t\t\t<\/div>\n\t\t\t\t<div class=\"elementor-element elementor-element-00e88be elementor-widget elementor-widget-text-editor\" data-id=\"00e88be\" data-element_type=\"widget\" data-widget_type=\"text-editor.default\">\n\t\t\t\t<div class=\"elementor-widget-container\">\n\t\t\t\t\t\t\t\t\t<p>Cum inginerii de la Facultatea de Automatiz\u0103ri, Calculatoare \u0219i Electronic\u0103 a Universit\u0103\u021bii din Craiova au luat o alt\u0103 cale \u0219i au g\u0103sit pasiunea \u0219i o surs\u0103 de inspira\u021bie ca p\u0103rin\u021bi \u00een participarea la parteneriatele Talent Maker pentru educa\u021bie. <\/p>\n\t\t\t\t\t\t\t\t<\/div>\n\t\t\t\t<\/div>\n\t\t\t\t<div class=\"elementor-element elementor-element-465538ec elementor-widget elementor-widget-testimonial\" data-id=\"465538ec\" data-element_type=\"widget\" data-widget_type=\"testimonial.default\">\n\t\t\t\t<div class=\"elementor-widget-container\">\n\t\t\t\t\t\t\t<div class=\"elementor-testimonial-wrapper\">\n\t\t\t\t\t\t\t<div class=\"elementor-testimonial-content\"><p>Delia, profesoar\u0103 de englez\u0103 de la Liceul Tehnologic Constantin Ianculescu \u2013 implementeaz\u0103 proiectul Talent Maker \u00eentr-o \u0219coal\u0103 mic\u0103 din C\u00e2recea, unde 10% dintre elevii s\u0103i din \u0219coala primar\u0103 sunt reprezenta\u021bi de comunitatea de romi. Talent Maker a schimbat modul ei de a preda, deoarece le permite copiilor s\u0103 se simt\u0103 parte din ceva, recunosc\u00e2ndu-le poten\u021bialul \u0219i, prin urmare, capacitatea lor.<\/p>\n<p align=\"center\" style=\"margin: 0cm 0cm 8pt;line-height: 15.6933px;font-size: 11pt;font-family: Calibri, sans-serif;white-space: normal;text-align: center\"><span lang=\"EN-GB\">\u201c<i>C\u00e2nd Dumnezeu ne-a f\u0103cut, ne-a f\u0103cut parte dintr-o lume imens\u0103. Talent Maker, de fapt, v\u0103 ofer\u0103 oportunitatea de a putea spune: Acesta este locul meu \u00een lume. La asta sunt bun.<\/i>\u201d<\/span><\/p>\n<\/div>\n\t\t\t\n\t\t\t\t\t\t<div class=\"elementor-testimonial-meta elementor-has-image elementor-testimonial-image-position-aside\">\n\t\t\t\t<div class=\"elementor-testimonial-meta-inner\">\n\t\t\t\t\t\t\t\t\t\t\t<div class=\"elementor-testimonial-image\">\n\t\t\t\t\t\t\t<img fetchpriority=\"high\" decoding=\"async\" width=\"778\" height=\"596\" src=\"https:\/\/talent-maker.eu\/wp-content\/uploads\/2023\/01\/Captura-de-Pantalla-2023-01-30-a-les-12.33.08.png\" class=\"attachment-full size-full wp-image-3379\" alt=\"\" srcset=\"https:\/\/talent-maker.eu\/wp-content\/uploads\/2023\/01\/Captura-de-Pantalla-2023-01-30-a-les-12.33.08.png 778w, https:\/\/talent-maker.eu\/wp-content\/uploads\/2023\/01\/Captura-de-Pantalla-2023-01-30-a-les-12.33.08-300x230.png 300w, https:\/\/talent-maker.eu\/wp-content\/uploads\/2023\/01\/Captura-de-Pantalla-2023-01-30-a-les-12.33.08-768x588.png 768w, https:\/\/talent-maker.eu\/wp-content\/uploads\/2023\/01\/Captura-de-Pantalla-2023-01-30-a-les-12.33.08-230x176.png 230w, https:\/\/talent-maker.eu\/wp-content\/uploads\/2023\/01\/Captura-de-Pantalla-2023-01-30-a-les-12.33.08-350x268.png 350w, https:\/\/talent-maker.eu\/wp-content\/uploads\/2023\/01\/Captura-de-Pantalla-2023-01-30-a-les-12.33.08-480x368.png 480w\" sizes=\"(max-width: 778px) 100vw, 778px\" \/>\t\t\t\t\t\t<\/div>\n\t\t\t\t\t\n\t\t\t\t\t\t\t\t\t\t<div class=\"elementor-testimonial-details\">\n\t\t\t\t\t\t\t\t\t\t\t\t\t\t<div class=\"elementor-testimonial-name\">Delia-Mihaela P\u00eervu<\/div>\n\t\t\t\t\t\t\t\t\t\t\t\t\t\t\t\t\t\t\t\t\t\t<div class=\"elementor-testimonial-job\">Profesor de engleza <\/div>\n\t\t\t\t\t\t\t\t\t\t\t\t\t<\/div>\n\t\t\t\t\t\t\t\t\t<\/div>\n\t\t\t<\/div>\n\t\t\t\t\t<\/div>\n\t\t\t\t\t\t<\/div>\n\t\t\t\t<\/div>\n\t\t\t\t\t<\/div>\n\t\t<\/div>\n\t\t\t\t<div class=\"elementor-column elementor-col-50 elementor-top-column elementor-element elementor-element-77e2936e\" data-id=\"77e2936e\" data-element_type=\"column\">\n\t\t\t<div class=\"elementor-widget-wrap elementor-element-populated\">\n\t\t\t\t\t\t<div class=\"elementor-element elementor-element-afa3c11 elementor-widget elementor-widget-video\" data-id=\"afa3c11\" data-element_type=\"widget\" data-settings=\"{&quot;youtube_url&quot;:&quot;https:\\\/\\\/youtube.com\\\/watch?v=5frzra9VDTY&amp;si=EnSIkaIECMiOmarE&quot;,&quot;video_type&quot;:&quot;youtube&quot;,&quot;controls&quot;:&quot;yes&quot;}\" data-widget_type=\"video.default\">\n\t\t\t\t<div class=\"elementor-widget-container\">\n\t\t\t\t\t\t\t<div class=\"elementor-wrapper elementor-open-inline\">\n\t\t\t<div class=\"elementor-video\"><\/div>\t\t<\/div>\n\t\t\t\t\t\t<\/div>\n\t\t\t\t<\/div>\n\t\t\t\t<div class=\"elementor-element elementor-element-ef3a6a5 elementor-widget elementor-widget-text-editor\" data-id=\"ef3a6a5\" data-element_type=\"widget\" data-widget_type=\"text-editor.default\">\n\t\t\t\t<div class=\"elementor-widget-container\">\n\t\t\t\t\t\t\t\t\t<p>Trecand de la rucsacuri de scoala plini de carti la maini murdare si o inima plina de amintiri. \u0218coala elementar\u0103 de stat Alikarnassou salut\u0103 familii \u0219i elevi din medii sociale, economice \u0219i educa\u021bionale diferite, precum \u0219i studen\u021bi refugia\u021bi din Siria \u0219i Afganistan. Dup\u0103 cum afirm\u0103 directorul s\u0103u, ei t\u00e2njesc dup\u0103 o schimbare care s\u0103 lase c\u0103r\u021bile \u00een urm\u0103 \u0219i s\u0103 parieze pentru educa\u021bia experien\u021bial\u0103. <\/p>\n\t\t\t\t\t\t\t\t<\/div>\n\t\t\t\t<\/div>\n\t\t\t\t<div class=\"elementor-element elementor-element-39e0384d elementor-widget elementor-widget-testimonial\" data-id=\"39e0384d\" data-element_type=\"widget\" data-widget_type=\"testimonial.default\">\n\t\t\t\t<div class=\"elementor-widget-container\">\n\t\t\t\t\t\t\t<div class=\"elementor-testimonial-wrapper\">\n\t\t\t\t\t\t\t<div class=\"elementor-testimonial-content\"><p>Kostas, un coordonator de proiecte europene cu experien\u021b\u0103 pentru incluziune social\u0103 din Action Synergy \u2013 colaboreaz\u0103 la integrarea proiectului Talent Maker \u00een practicile din \u00cenv\u0103\u021b\u0103m\u00e2ntul primar \u00eentr-un mod sistematizat pentru a-l transfera c\u0103tre profesori cu contexte similare din Grecia \u0219i din toat\u0103 Europa. <\/p>\n<p align=\"center\" style=\"margin: 0cm 0cm 8pt;line-height: 15.6933px;font-size: 11pt;font-family: Calibri, sans-serif;white-space: normal;text-align: center\"><span lang=\"EN-GB\">\u201c<i>\u201eTalent Maker pentru mine \u0219i \u0219coala mea este un nou \u00eenceput, o nou\u0103 er\u0103, deoarece cred c\u0103 trebuie s\u0103 schimb\u0103m ceva \u00een educa\u021bia noastr\u0103 \u0219i Talent Maker ne va ajuta \u00een aceast\u0103 direc\u021bie.\u201d<\/i><\/span><\/span><i> <\/i><\/p>\n<\/div>\n\t\t\t\n\t\t\t\t\t\t<div class=\"elementor-testimonial-meta elementor-has-image elementor-testimonial-image-position-aside\">\n\t\t\t\t<div class=\"elementor-testimonial-meta-inner\">\n\t\t\t\t\t\t\t\t\t\t\t<div class=\"elementor-testimonial-image\">\n\t\t\t\t\t\t\t<img decoding=\"async\" width=\"820\" height=\"690\" src=\"https:\/\/talent-maker.eu\/wp-content\/uploads\/2023\/01\/Captura-de-Pantalla-2023-01-30-a-les-12.49.35.png\" class=\"attachment-full size-full wp-image-3398\" alt=\"\" srcset=\"https:\/\/talent-maker.eu\/wp-content\/uploads\/2023\/01\/Captura-de-Pantalla-2023-01-30-a-les-12.49.35.png 820w, https:\/\/talent-maker.eu\/wp-content\/uploads\/2023\/01\/Captura-de-Pantalla-2023-01-30-a-les-12.49.35-300x252.png 300w, https:\/\/talent-maker.eu\/wp-content\/uploads\/2023\/01\/Captura-de-Pantalla-2023-01-30-a-les-12.49.35-768x646.png 768w, https:\/\/talent-maker.eu\/wp-content\/uploads\/2023\/01\/Captura-de-Pantalla-2023-01-30-a-les-12.49.35-230x194.png 230w, https:\/\/talent-maker.eu\/wp-content\/uploads\/2023\/01\/Captura-de-Pantalla-2023-01-30-a-les-12.49.35-350x295.png 350w, https:\/\/talent-maker.eu\/wp-content\/uploads\/2023\/01\/Captura-de-Pantalla-2023-01-30-a-les-12.49.35-480x404.png 480w\" sizes=\"(max-width: 820px) 100vw, 820px\" \/>\t\t\t\t\t\t<\/div>\n\t\t\t\t\t\n\t\t\t\t\t\t\t\t\t\t<div class=\"elementor-testimonial-details\">\n\t\t\t\t\t\t\t\t\t\t\t\t\t\t<div class=\"elementor-testimonial-name\">Nikolaos Antonopoulos<\/div>\n\t\t\t\t\t\t\t\t\t\t\t\t\t\t\t\t\t\t\t\t\t\t<div class=\"elementor-testimonial-job\">Director <\/div>\n\t\t\t\t\t\t\t\t\t\t\t\t\t<\/div>\n\t\t\t\t\t\t\t\t\t<\/div>\n\t\t\t<\/div>\n\t\t\t\t\t<\/div>\n\t\t\t\t\t\t<\/div>\n\t\t\t\t<\/div>\n\t\t\t\t\t<\/div>\n\t\t<\/div>\n\t\t\t\t\t<\/div>\n\t\t<\/section>\n\t\t\t\t<\/div>\n\t\t","protected":false},"excerpt":{"rendered":"<p>M\u0103rturii Vede\u021bi cum au experimentat proiectul membrii echipei Talent Maker din Spania, Rom\u00e2nia \u0219i Grecia \u0219i profesorii forma\u021bi \u00een Metodologia sa din toat\u0103 Europa. Face\u021bi cuno\u0219tin\u021b\u0103 cu oamenii din spatele partenerilor no\u0219tri greci \u0219i rom\u00e2ni. Afla\u021bi cum definesc Talent Maker \u0219i semnifica\u021bia pentru organiza\u021biile lor. Descoperi\u021bi ceea ce consider\u0103 ei [&hellip;]<\/p>\n","protected":false},"author":1,"featured_media":0,"parent":0,"menu_order":0,"comment_status":"closed","ping_status":"closed","template":"elementor_header_footer","meta":{"_acf_changed":false,"_monsterinsights_skip_tracking":false,"_monsterinsights_sitenote_active":false,"_monsterinsights_sitenote_note":"","_monsterinsights_sitenote_category":0,"footnotes":""},"class_list":["post-4875","page","type-page","status-publish","hentry"],"acf":[],"_links":{"self":[{"href":"https:\/\/talent-maker.eu\/ro\/wp-json\/wp\/v2\/pages\/4875","targetHints":{"allow":["GET"]}}],"collection":[{"href":"https:\/\/talent-maker.eu\/ro\/wp-json\/wp\/v2\/pages"}],"about":[{"href":"https:\/\/talent-maker.eu\/ro\/wp-json\/wp\/v2\/types\/page"}],"author":[{"embeddable":true,"href":"https:\/\/talent-maker.eu\/ro\/wp-json\/wp\/v2\/users\/1"}],"replies":[{"embeddable":true,"href":"https:\/\/talent-maker.eu\/ro\/wp-json\/wp\/v2\/comments?post=4875"}],"version-history":[{"count":2,"href":"https:\/\/talent-maker.eu\/ro\/wp-json\/wp\/v2\/pages\/4875\/revisions"}],"predecessor-version":[{"id":5019,"href":"https:\/\/talent-maker.eu\/ro\/wp-json\/wp\/v2\/pages\/4875\/revisions\/5019"}],"wp:attachment":[{"href":"https:\/\/talent-maker.eu\/ro\/wp-json\/wp\/v2\/media?parent=4875"}],"curies":[{"name":"wp","href":"https:\/\/api.w.org\/{rel}","templated":true}]}}