{"id":5043,"date":"2023-01-26T14:56:41","date_gmt":"2023-01-26T14:56:41","guid":{"rendered":"https:\/\/talent-maker.eu\/testimonials\/"},"modified":"2023-06-06T08:40:22","modified_gmt":"2023-06-06T08:40:22","slug":"testimonios","status":"publish","type":"page","link":"https:\/\/talent-maker.eu\/es\/testimonios\/","title":{"rendered":"Testimonios"},"content":{"rendered":"\t\t<div data-elementor-type=\"wp-page\" data-elementor-id=\"5043\" class=\"elementor elementor-5043 elementor-3324\">\n\t\t\t\t\t\t<section class=\"elementor-section elementor-top-section elementor-element elementor-element-00232f5 elementor-section-boxed elementor-section-height-default elementor-section-height-default\" data-id=\"00232f5\" data-element_type=\"section\" data-settings=\"{&quot;background_background&quot;:&quot;classic&quot;}\">\n\t\t\t\t\t\t<div class=\"elementor-container elementor-column-gap-default\">\n\t\t\t\t\t<div class=\"elementor-column elementor-col-100 elementor-top-column elementor-element elementor-element-aec50db\" data-id=\"aec50db\" data-element_type=\"column\">\n\t\t\t<div class=\"elementor-widget-wrap elementor-element-populated\">\n\t\t\t\t\t\t<div class=\"elementor-element elementor-element-8944744 elementor-widget elementor-widget-heading\" data-id=\"8944744\" data-element_type=\"widget\" data-widget_type=\"heading.default\">\n\t\t\t\t<div class=\"elementor-widget-container\">\n\t\t\t\t\t<h2 class=\"elementor-heading-title elementor-size-default\">Testimonios<\/h2>\t\t\t\t<\/div>\n\t\t\t\t<\/div>\n\t\t\t\t<div class=\"elementor-element elementor-element-e985659 elementor-widget elementor-widget-text-editor\" data-id=\"e985659\" data-element_type=\"widget\" data-widget_type=\"text-editor.default\">\n\t\t\t\t<div class=\"elementor-widget-container\">\n\t\t\t\t\t\t\t\t\t<p>Vea c\u00f3mo los miembros del equipo de Talent Maker de Espa\u00f1a, Ruman\u00eda y Grecia y los profesores formados en su Metodolog\u00eda de toda Europa han experimentado el proyecto.<\/p>\n\t\t\t\t\t\t\t\t<\/div>\n\t\t\t\t<\/div>\n\t\t\t\t\t<\/div>\n\t\t<\/div>\n\t\t\t\t\t<\/div>\n\t\t<\/section>\n\t\t\t\t<section class=\"elementor-section elementor-top-section elementor-element elementor-element-5e552627 elementor-section-boxed elementor-section-height-default elementor-section-height-default\" data-id=\"5e552627\" data-element_type=\"section\" data-settings=\"{&quot;background_background&quot;:&quot;classic&quot;}\">\n\t\t\t\t\t\t<div class=\"elementor-container elementor-column-gap-default\">\n\t\t\t\t\t<div class=\"elementor-column elementor-col-100 elementor-top-column elementor-element elementor-element-7b299fe3\" data-id=\"7b299fe3\" data-element_type=\"column\">\n\t\t\t<div class=\"elementor-widget-wrap elementor-element-populated\">\n\t\t\t\t\t\t<div class=\"elementor-element elementor-element-3dd333a1 elementor-widget elementor-widget-text-editor\" data-id=\"3dd333a1\" data-element_type=\"widget\" data-widget_type=\"text-editor.default\">\n\t\t\t\t<div class=\"elementor-widget-container\">\n\t\t\t\t\t\t\t\t\t<p>Conozca a las personas detr\u00e1s de nuestros socios griegos y rumanos. Descubra c\u00f3mo definen Talent Maker y el significado para sus organizaciones. Descubra cu\u00e1les consideran que son los beneficios para sus comunidades y mucho m\u00e1s.<\/p>\n\t\t\t\t\t\t\t\t<\/div>\n\t\t\t\t<\/div>\n\t\t\t\t\t<\/div>\n\t\t<\/div>\n\t\t\t\t\t<\/div>\n\t\t<\/section>\n\t\t\t\t<section class=\"elementor-section elementor-top-section elementor-element elementor-element-4cdae3e1 elementor-section-boxed elementor-section-height-default elementor-section-height-default\" data-id=\"4cdae3e1\" data-element_type=\"section\" data-settings=\"{&quot;background_background&quot;:&quot;classic&quot;}\">\n\t\t\t\t\t\t<div class=\"elementor-container elementor-column-gap-extended\">\n\t\t\t\t\t<div class=\"elementor-column elementor-col-50 elementor-top-column elementor-element elementor-element-6c806efb\" data-id=\"6c806efb\" data-element_type=\"column\">\n\t\t\t<div class=\"elementor-widget-wrap elementor-element-populated\">\n\t\t\t\t\t\t<div class=\"elementor-element elementor-element-a1d3a04 elementor-widget elementor-widget-video\" data-id=\"a1d3a04\" data-element_type=\"widget\" data-settings=\"{&quot;youtube_url&quot;:&quot;https:\\\/\\\/youtube.com\\\/watch?v=FBCyBpSe0mI&amp;si=EnSIkaIECMiOmarE&quot;,&quot;video_type&quot;:&quot;youtube&quot;,&quot;controls&quot;:&quot;yes&quot;}\" data-widget_type=\"video.default\">\n\t\t\t\t<div class=\"elementor-widget-container\">\n\t\t\t\t\t\t\t<div class=\"elementor-wrapper elementor-open-inline\">\n\t\t\t<div class=\"elementor-video\"><\/div>\t\t<\/div>\n\t\t\t\t\t\t<\/div>\n\t\t\t\t<\/div>\n\t\t\t\t<div class=\"elementor-element elementor-element-00e88be elementor-widget elementor-widget-text-editor\" data-id=\"00e88be\" data-element_type=\"widget\" data-widget_type=\"text-editor.default\">\n\t\t\t\t<div class=\"elementor-widget-container\">\n\t\t\t\t\t\t\t\t\t<p>C\u00f3mo los ingenieros de la Facultad de Automatizaci\u00f3n, Computaci\u00f3n y Electr\u00f3nica de la Universidad de Craiova tomaron un camino diferente y encontraron pasi\u00f3n y una fuente de inspiraci\u00f3n como padres al participar en las asociaciones de Talent Maker para la educaci\u00f3n. <\/p>\n\t\t\t\t\t\t\t\t<\/div>\n\t\t\t\t<\/div>\n\t\t\t\t<div class=\"elementor-element elementor-element-465538ec elementor-widget elementor-widget-testimonial\" data-id=\"465538ec\" data-element_type=\"widget\" data-widget_type=\"testimonial.default\">\n\t\t\t\t<div class=\"elementor-widget-container\">\n\t\t\t\t\t\t\t<div class=\"elementor-testimonial-wrapper\">\n\t\t\t\t\t\t\t<div class=\"elementor-testimonial-content\"><p>Delia, profesora de ingl\u00e9s del Liceul Tehnologic Constantin Ianculescu, implementa el proyecto Talent Maker en una peque\u00f1a escuela en C\u00e2recea, donde el 10% de sus alumnos de primaria est\u00e1n representados por la comunidad gitana. Talent Maker dio un vuelco a su forma de ense\u00f1ar, ya que permite que sus hijos se sientan parte de algo al reconocer su potencial y, por lo tanto, su capacidad.<\/p>\n<p align=\"center\" style=\"margin: 0cm 0cm 8pt;line-height: 15.6933px;font-size: 11pt;font-family: Calibri, sans-serif;white-space: normal;text-align: center\"><span lang=\"EN-GB\">\u201c<i>Talent Maker dio un vuelco a su forma de ense\u00f1ar, ya que permite que sus hijos se sientan parte de algo al reconocer su potencial y, por lo tanto, su capacidad. Talent Maker, en realidad, te da la oportunidad de poder decir: Este es mi lugar en el mundo. Esto es en lo que soy buena.<\/i>\u201d<\/span><\/p>\n<\/div>\n\t\t\t\n\t\t\t\t\t\t<div class=\"elementor-testimonial-meta elementor-has-image elementor-testimonial-image-position-aside\">\n\t\t\t\t<div class=\"elementor-testimonial-meta-inner\">\n\t\t\t\t\t\t\t\t\t\t\t<div class=\"elementor-testimonial-image\">\n\t\t\t\t\t\t\t<img fetchpriority=\"high\" decoding=\"async\" width=\"778\" height=\"596\" src=\"https:\/\/talent-maker.eu\/wp-content\/uploads\/2023\/01\/Captura-de-Pantalla-2023-01-30-a-les-12.33.08.png\" class=\"attachment-full size-full wp-image-3379\" alt=\"\" srcset=\"https:\/\/talent-maker.eu\/wp-content\/uploads\/2023\/01\/Captura-de-Pantalla-2023-01-30-a-les-12.33.08.png 778w, https:\/\/talent-maker.eu\/wp-content\/uploads\/2023\/01\/Captura-de-Pantalla-2023-01-30-a-les-12.33.08-300x230.png 300w, https:\/\/talent-maker.eu\/wp-content\/uploads\/2023\/01\/Captura-de-Pantalla-2023-01-30-a-les-12.33.08-768x588.png 768w, https:\/\/talent-maker.eu\/wp-content\/uploads\/2023\/01\/Captura-de-Pantalla-2023-01-30-a-les-12.33.08-230x176.png 230w, https:\/\/talent-maker.eu\/wp-content\/uploads\/2023\/01\/Captura-de-Pantalla-2023-01-30-a-les-12.33.08-350x268.png 350w, https:\/\/talent-maker.eu\/wp-content\/uploads\/2023\/01\/Captura-de-Pantalla-2023-01-30-a-les-12.33.08-480x368.png 480w\" sizes=\"(max-width: 778px) 100vw, 778px\" \/>\t\t\t\t\t\t<\/div>\n\t\t\t\t\t\n\t\t\t\t\t\t\t\t\t\t<div class=\"elementor-testimonial-details\">\n\t\t\t\t\t\t\t\t\t\t\t\t\t\t<div class=\"elementor-testimonial-name\">Delia-Mihaela P\u00eervu<\/div>\n\t\t\t\t\t\t\t\t\t\t\t\t\t\t\t\t\t\t\t\t\t\t<div class=\"elementor-testimonial-job\">Profesora de ingles <\/div>\n\t\t\t\t\t\t\t\t\t\t\t\t\t<\/div>\n\t\t\t\t\t\t\t\t\t<\/div>\n\t\t\t<\/div>\n\t\t\t\t\t<\/div>\n\t\t\t\t\t\t<\/div>\n\t\t\t\t<\/div>\n\t\t\t\t\t<\/div>\n\t\t<\/div>\n\t\t\t\t<div class=\"elementor-column elementor-col-50 elementor-top-column elementor-element elementor-element-77e2936e\" data-id=\"77e2936e\" data-element_type=\"column\">\n\t\t\t<div class=\"elementor-widget-wrap elementor-element-populated\">\n\t\t\t\t\t\t<div class=\"elementor-element elementor-element-afa3c11 elementor-widget elementor-widget-video\" data-id=\"afa3c11\" data-element_type=\"widget\" data-settings=\"{&quot;youtube_url&quot;:&quot;https:\\\/\\\/youtube.com\\\/watch?v=5frzra9VDTY&amp;si=EnSIkaIECMiOmarE&quot;,&quot;video_type&quot;:&quot;youtube&quot;,&quot;controls&quot;:&quot;yes&quot;}\" data-widget_type=\"video.default\">\n\t\t\t\t<div class=\"elementor-widget-container\">\n\t\t\t\t\t\t\t<div class=\"elementor-wrapper elementor-open-inline\">\n\t\t\t<div class=\"elementor-video\"><\/div>\t\t<\/div>\n\t\t\t\t\t\t<\/div>\n\t\t\t\t<\/div>\n\t\t\t\t<div class=\"elementor-element elementor-element-ef3a6a5 elementor-widget elementor-widget-text-editor\" data-id=\"ef3a6a5\" data-element_type=\"widget\" data-widget_type=\"text-editor.default\">\n\t\t\t\t<div class=\"elementor-widget-container\">\n\t\t\t\t\t\t\t\t\t<p>Pasar de mochilas escolares llenas de libros a manos sucias y un coraz\u00f3n lleno de recuerdos. La Escuela Primaria Estatal Alikarnassou acoge a familias y estudiantes de diferentes niveles sociales, econ\u00f3micos y educativos, as\u00ed como a estudiantes refugiados de Siria y Afganist\u00e1n. Como afirma su directora, anhelan un cambio que deje atr\u00e1s los libros y apueste por la educaci\u00f3n experiencial. <\/p>\n\t\t\t\t\t\t\t\t<\/div>\n\t\t\t\t<\/div>\n\t\t\t\t<div class=\"elementor-element elementor-element-39e0384d elementor-widget elementor-widget-testimonial\" data-id=\"39e0384d\" data-element_type=\"widget\" data-widget_type=\"testimonial.default\">\n\t\t\t\t<div class=\"elementor-widget-container\">\n\t\t\t\t\t\t\t<div class=\"elementor-testimonial-wrapper\">\n\t\t\t\t\t\t\t<div class=\"elementor-testimonial-content\"><p>Kostas, un experimentado Coordinador de Proyectos Europeos para la inclusi\u00f3n social de Action Synergy, colabora en la integraci\u00f3n del proyecto Talent Maker en las pr\u00e1cticas de Educaci\u00f3n Primaria de manera sistematizada para transferirlo a docentes con contextos similares en Grecia y en toda Europa. <\/p>\n<p align=\"center\" style=\"margin: 0cm 0cm 8pt;line-height: 15.6933px;font-size: 11pt;font-family: Calibri, sans-serif;white-space: normal;text-align: center\"><span lang=\"EN-GB\"><i>\u201c\u201cTalent Maker para m\u00ed y mi escuela es un nuevo comienzo, una nueva era porque creo que tenemos que cambiar algo en nuestra educaci\u00f3n y Talent Maker nos ayudar\u00e1 en esa direcci\u00f3n\u201d.<\/i><\/span><\/span><i> <\/i><\/p>\n<\/div>\n\t\t\t\n\t\t\t\t\t\t<div class=\"elementor-testimonial-meta elementor-has-image elementor-testimonial-image-position-aside\">\n\t\t\t\t<div class=\"elementor-testimonial-meta-inner\">\n\t\t\t\t\t\t\t\t\t\t\t<div class=\"elementor-testimonial-image\">\n\t\t\t\t\t\t\t<img decoding=\"async\" width=\"820\" height=\"690\" src=\"https:\/\/talent-maker.eu\/wp-content\/uploads\/2023\/01\/Captura-de-Pantalla-2023-01-30-a-les-12.49.35.png\" class=\"attachment-full size-full wp-image-3398\" alt=\"\" srcset=\"https:\/\/talent-maker.eu\/wp-content\/uploads\/2023\/01\/Captura-de-Pantalla-2023-01-30-a-les-12.49.35.png 820w, https:\/\/talent-maker.eu\/wp-content\/uploads\/2023\/01\/Captura-de-Pantalla-2023-01-30-a-les-12.49.35-300x252.png 300w, https:\/\/talent-maker.eu\/wp-content\/uploads\/2023\/01\/Captura-de-Pantalla-2023-01-30-a-les-12.49.35-768x646.png 768w, https:\/\/talent-maker.eu\/wp-content\/uploads\/2023\/01\/Captura-de-Pantalla-2023-01-30-a-les-12.49.35-230x194.png 230w, https:\/\/talent-maker.eu\/wp-content\/uploads\/2023\/01\/Captura-de-Pantalla-2023-01-30-a-les-12.49.35-350x295.png 350w, https:\/\/talent-maker.eu\/wp-content\/uploads\/2023\/01\/Captura-de-Pantalla-2023-01-30-a-les-12.49.35-480x404.png 480w\" sizes=\"(max-width: 820px) 100vw, 820px\" \/>\t\t\t\t\t\t<\/div>\n\t\t\t\t\t\n\t\t\t\t\t\t\t\t\t\t<div class=\"elementor-testimonial-details\">\n\t\t\t\t\t\t\t\t\t\t\t\t\t\t<div class=\"elementor-testimonial-name\">Nikolaos Antonopoulos<\/div>\n\t\t\t\t\t\t\t\t\t\t\t\t\t\t\t\t\t\t\t\t\t\t<div class=\"elementor-testimonial-job\">Director <\/div>\n\t\t\t\t\t\t\t\t\t\t\t\t\t<\/div>\n\t\t\t\t\t\t\t\t\t<\/div>\n\t\t\t<\/div>\n\t\t\t\t\t<\/div>\n\t\t\t\t\t\t<\/div>\n\t\t\t\t<\/div>\n\t\t\t\t\t<\/div>\n\t\t<\/div>\n\t\t\t\t\t<\/div>\n\t\t<\/section>\n\t\t\t\t<\/div>\n\t\t","protected":false},"excerpt":{"rendered":"<p>Testimonios Vea c\u00f3mo los miembros del equipo de Talent Maker de Espa\u00f1a, Ruman\u00eda y Grecia y los profesores formados en su Metodolog\u00eda de toda Europa han experimentado el proyecto. Conozca a las personas detr\u00e1s de nuestros socios griegos y rumanos. Descubra c\u00f3mo definen Talent Maker y el significado para sus [&hellip;]<\/p>\n","protected":false},"author":1,"featured_media":0,"parent":0,"menu_order":0,"comment_status":"closed","ping_status":"closed","template":"elementor_header_footer","meta":{"_acf_changed":false,"_monsterinsights_skip_tracking":false,"_monsterinsights_sitenote_active":false,"_monsterinsights_sitenote_note":"","_monsterinsights_sitenote_category":0,"footnotes":""},"class_list":["post-5043","page","type-page","status-publish","hentry"],"acf":[],"_links":{"self":[{"href":"https:\/\/talent-maker.eu\/es\/wp-json\/wp\/v2\/pages\/5043","targetHints":{"allow":["GET"]}}],"collection":[{"href":"https:\/\/talent-maker.eu\/es\/wp-json\/wp\/v2\/pages"}],"about":[{"href":"https:\/\/talent-maker.eu\/es\/wp-json\/wp\/v2\/types\/page"}],"author":[{"embeddable":true,"href":"https:\/\/talent-maker.eu\/es\/wp-json\/wp\/v2\/users\/1"}],"replies":[{"embeddable":true,"href":"https:\/\/talent-maker.eu\/es\/wp-json\/wp\/v2\/comments?post=5043"}],"version-history":[{"count":2,"href":"https:\/\/talent-maker.eu\/es\/wp-json\/wp\/v2\/pages\/5043\/revisions"}],"predecessor-version":[{"id":5169,"href":"https:\/\/talent-maker.eu\/es\/wp-json\/wp\/v2\/pages\/5043\/revisions\/5169"}],"wp:attachment":[{"href":"https:\/\/talent-maker.eu\/es\/wp-json\/wp\/v2\/media?parent=5043"}],"curies":[{"name":"wp","href":"https:\/\/api.w.org\/{rel}","templated":true}]}}