{"id":5172,"date":"2023-01-26T14:56:41","date_gmt":"2023-01-26T14:56:41","guid":{"rendered":"https:\/\/talent-maker.eu\/testimonials\/"},"modified":"2023-07-27T07:56:02","modified_gmt":"2023-07-27T07:56:02","slug":"%ce%bc%ce%b1%cf%81%cf%84%cf%85%cf%81%ce%af%ce%b5%cf%82","status":"publish","type":"page","link":"https:\/\/talent-maker.eu\/el\/%ce%bc%ce%b1%cf%81%cf%84%cf%85%cf%81%ce%af%ce%b5%cf%82\/","title":{"rendered":"\u039c\u03b1\u03c1\u03c4\u03c5\u03c1\u03af\u03b5\u03c2"},"content":{"rendered":"\t\t<div data-elementor-type=\"wp-page\" data-elementor-id=\"5172\" class=\"elementor elementor-5172 elementor-3324\">\n\t\t\t\t\t\t<section class=\"elementor-section elementor-top-section elementor-element elementor-element-00232f5 elementor-section-boxed elementor-section-height-default elementor-section-height-default\" data-id=\"00232f5\" data-element_type=\"section\" data-settings=\"{&quot;background_background&quot;:&quot;classic&quot;}\">\n\t\t\t\t\t\t<div class=\"elementor-container elementor-column-gap-default\">\n\t\t\t\t\t<div class=\"elementor-column elementor-col-100 elementor-top-column elementor-element elementor-element-aec50db\" data-id=\"aec50db\" data-element_type=\"column\">\n\t\t\t<div class=\"elementor-widget-wrap elementor-element-populated\">\n\t\t\t\t\t\t<div class=\"elementor-element elementor-element-8944744 elementor-widget elementor-widget-heading\" data-id=\"8944744\" data-element_type=\"widget\" data-widget_type=\"heading.default\">\n\t\t\t\t<div class=\"elementor-widget-container\">\n\t\t\t\t\t<h2 class=\"elementor-heading-title elementor-size-default\">\u039c\u03b1\u03c1\u03c4\u03c5\u03c1\u03af\u03b5\u03c2<\/h2>\t\t\t\t<\/div>\n\t\t\t\t<\/div>\n\t\t\t\t<div class=\"elementor-element elementor-element-e985659 elementor-widget elementor-widget-text-editor\" data-id=\"e985659\" data-element_type=\"widget\" data-widget_type=\"text-editor.default\">\n\t\t\t\t<div class=\"elementor-widget-container\">\n\t\t\t\t\t\t\t\t\t<p>\u0394\u03b5\u03af\u03c4\u03b5 \u03c0\u03ce\u03c2 \u03b2\u03af\u03c9\u03c3\u03b1\u03bd \u03c4\u03bf \u03ad\u03c1\u03b3\u03bf \u03bc\u03ad\u03bb\u03b7 \u03c4\u03b7\u03c2 \u03bf\u03bc\u03ac\u03b4\u03b1\u03c2 Talent Maker \u03b1\u03c0\u03cc \u03c4\u03b7\u03bd \u0399\u03c3\u03c0\u03b1\u03bd\u03af\u03b1, \u03c4\u03b7 \u03a1\u03bf\u03c5\u03bc\u03b1\u03bd\u03af\u03b1 \u03ba\u03b1\u03b9 \u03c4\u03b7\u03bd \u0395\u03bb\u03bb\u03ac\u03b4\u03b1 \u03ba\u03b1\u03b9 \u03ba\u03b1\u03b8\u03b7\u03b3\u03b7\u03c4\u03ad\u03c2 \u03c0\u03bf\u03c5 \u03ad\u03c7\u03bf\u03c5\u03bd \u03b5\u03ba\u03c0\u03b1\u03b9\u03b4\u03b5\u03c5\u03c4\u03b5\u03af \u03c3\u03c4\u03b7 \u039c\u03b5\u03b8\u03bf\u03b4\u03bf\u03bb\u03bf\u03b3\u03af\u03b1 \u03c4\u03bf\u03c5 \u03b1\u03c0\u03cc \u03cc\u03bb\u03b7 \u03c4\u03b7\u03bd \u0395\u03c5\u03c1\u03ce\u03c0\u03b7.<\/p>\t\t\t\t\t\t\t\t<\/div>\n\t\t\t\t<\/div>\n\t\t\t\t\t<\/div>\n\t\t<\/div>\n\t\t\t\t\t<\/div>\n\t\t<\/section>\n\t\t\t\t<section class=\"elementor-section elementor-top-section elementor-element elementor-element-5e552627 elementor-section-boxed elementor-section-height-default elementor-section-height-default\" data-id=\"5e552627\" data-element_type=\"section\" data-settings=\"{&quot;background_background&quot;:&quot;classic&quot;}\">\n\t\t\t\t\t\t<div class=\"elementor-container elementor-column-gap-default\">\n\t\t\t\t\t<div class=\"elementor-column elementor-col-100 elementor-top-column elementor-element elementor-element-7b299fe3\" data-id=\"7b299fe3\" data-element_type=\"column\">\n\t\t\t<div class=\"elementor-widget-wrap elementor-element-populated\">\n\t\t\t\t\t\t<div class=\"elementor-element elementor-element-3dd333a1 elementor-widget elementor-widget-text-editor\" data-id=\"3dd333a1\" data-element_type=\"widget\" data-widget_type=\"text-editor.default\">\n\t\t\t\t<div class=\"elementor-widget-container\">\n\t\t\t\t\t\t\t\t\t<p>\u0393\u03bd\u03c9\u03c1\u03af\u03c3\u03c4\u03b5 \u03c4\u03bf\u03c5\u03c2 \u03b1\u03bd\u03b8\u03c1\u03ce\u03c0\u03bf\u03c5\u03c2 \u03c0\u03af\u03c3\u03c9 \u03b1\u03c0\u03cc \u03c4\u03bf\u03c5\u03c2 \u0388\u03bb\u03bb\u03b7\u03bd\u03b5\u03c2 \u03ba\u03b1\u03b9 \u03a1\u03bf\u03c5\u03bc\u03ac\u03bd\u03bf\u03c5\u03c2 \u03b5\u03c4\u03b1\u03af\u03c1\u03bf\u03c5\u03c2 \u03bc\u03b1\u03c2. \u039c\u03ac\u03b8\u03b5\u03c4\u03b5 \u03c0\u03ce\u03c2 \u03bf\u03c1\u03af\u03b6\u03bf\u03c5\u03bd \u03c4\u03bf Talent Maker \u03ba\u03b1\u03b9 \u03c4\u03b7 \u03c3\u03b7\u03bc\u03b1\u03c3\u03af\u03b1 \u03b3\u03b9\u03b1 \u03c4\u03bf\u03c5\u03c2 \u03bf\u03c1\u03b3\u03b1\u03bd\u03b9\u03c3\u03bc\u03bf\u03cd\u03c2 \u03c4\u03bf\u03c5\u03c2. \u0391\u03bd\u03b1\u03ba\u03b1\u03bb\u03cd\u03c8\u03c4\u03b5 \u03c0\u03bf\u03b9\u03b1 \u03b8\u03b5\u03c9\u03c1\u03bf\u03cd\u03bd \u03c4\u03b1 \u03bf\u03c6\u03ad\u03bb\u03b7 \u03b3\u03b9\u03b1 \u03c4\u03b9\u03c2 \u03ba\u03bf\u03b9\u03bd\u03cc\u03c4\u03b7\u03c4\u03ad\u03c2 \u03c4\u03bf\u03c5\u03c2 \u03ba\u03b1\u03b9 \u03c0\u03bf\u03bb\u03bb\u03ac \u03ac\u03bb\u03bb\u03b1.<\/p>\t\t\t\t\t\t\t\t<\/div>\n\t\t\t\t<\/div>\n\t\t\t\t\t<\/div>\n\t\t<\/div>\n\t\t\t\t\t<\/div>\n\t\t<\/section>\n\t\t\t\t<section class=\"elementor-section elementor-top-section elementor-element elementor-element-4cdae3e1 elementor-section-boxed elementor-section-height-default elementor-section-height-default\" data-id=\"4cdae3e1\" data-element_type=\"section\" data-settings=\"{&quot;background_background&quot;:&quot;classic&quot;}\">\n\t\t\t\t\t\t<div class=\"elementor-container elementor-column-gap-extended\">\n\t\t\t\t\t<div class=\"elementor-column elementor-col-50 elementor-top-column elementor-element elementor-element-6c806efb\" data-id=\"6c806efb\" data-element_type=\"column\">\n\t\t\t<div class=\"elementor-widget-wrap elementor-element-populated\">\n\t\t\t\t\t\t<div class=\"elementor-element elementor-element-a1d3a04 elementor-widget elementor-widget-video\" data-id=\"a1d3a04\" data-element_type=\"widget\" data-settings=\"{&quot;youtube_url&quot;:&quot;https:\\\/\\\/youtube.com\\\/watch?v=FBCyBpSe0mI&amp;si=EnSIkaIECMiOmarE&quot;,&quot;video_type&quot;:&quot;youtube&quot;,&quot;controls&quot;:&quot;yes&quot;}\" data-widget_type=\"video.default\">\n\t\t\t\t<div class=\"elementor-widget-container\">\n\t\t\t\t\t\t\t<div class=\"elementor-wrapper elementor-open-inline\">\n\t\t\t<div class=\"elementor-video\"><\/div>\t\t<\/div>\n\t\t\t\t\t\t<\/div>\n\t\t\t\t<\/div>\n\t\t\t\t<div class=\"elementor-element elementor-element-00e88be elementor-widget elementor-widget-text-editor\" data-id=\"00e88be\" data-element_type=\"widget\" data-widget_type=\"text-editor.default\">\n\t\t\t\t<div class=\"elementor-widget-container\">\n\t\t\t\t\t\t\t\t\t<p>\u03a0\u03ce\u03c2 \u039c\u03b7\u03c7\u03b1\u03bd\u03b9\u03ba\u03bf\u03af \u03b1\u03c0\u03cc \u03c4\u03b7 \u03a3\u03c7\u03bf\u03bb\u03ae \u0391\u03c5\u03c4\u03bf\u03bc\u03b1\u03c4\u03b9\u03c3\u03bc\u03bf\u03cd, \u03a5\u03c0\u03bf\u03bb\u03bf\u03b3\u03b9\u03c3\u03c4\u03ce\u03bd \u03ba\u03b1\u03b9 \u0397\u03bb\u03b5\u03ba\u03c4\u03c1\u03bf\u03bd\u03b9\u03ba\u03ce\u03bd \u03c4\u03bf\u03c5 \u03a0\u03b1\u03bd\u03b5\u03c0\u03b9\u03c3\u03c4\u03b7\u03bc\u03af\u03bf\u03c5 \u03c4\u03b7\u03c2 \u039a\u03c1\u03b1\u03ca\u03cc\u03b2\u03b1 \u03c0\u03ae\u03c1\u03b1\u03bd \u03ad\u03bd\u03b1\u03bd \u03b4\u03b9\u03b1\u03c6\u03bf\u03c1\u03b5\u03c4\u03b9\u03ba\u03cc \u03b4\u03c1\u03cc\u03bc\u03bf \u03ba\u03b1\u03b9 \u03b2\u03c1\u03ae\u03ba\u03b1\u03bd \u03c0\u03ac\u03b8\u03bf\u03c2 \u03ba\u03b1\u03b9 \u03c0\u03b7\u03b3\u03ae \u03ad\u03bc\u03c0\u03bd\u03b5\u03c5\u03c3\u03b7\u03c2 \u03c9\u03c2 \u03b3\u03bf\u03bd\u03b5\u03af\u03c2 \u03c3\u03c5\u03bc\u03bc\u03b5\u03c4\u03ad\u03c7\u03bf\u03bd\u03c4\u03b1\u03c2 \u03c3\u03c4\u03b9\u03c2 \u03c3\u03c5\u03bd\u03b5\u03c1\u03b3\u03b1\u03c3\u03af\u03b5\u03c2 Talent Maker \u03b3\u03b9\u03b1 \u03c4\u03b7\u03bd \u03b5\u03ba\u03c0\u03b1\u03af\u03b4\u03b5\u03c5\u03c3\u03b7.<\/p>\t\t\t\t\t\t\t\t<\/div>\n\t\t\t\t<\/div>\n\t\t\t\t<div class=\"elementor-element elementor-element-465538ec elementor-widget elementor-widget-testimonial\" data-id=\"465538ec\" data-element_type=\"widget\" data-widget_type=\"testimonial.default\">\n\t\t\t\t<div class=\"elementor-widget-container\">\n\t\t\t\t\t\t\t<div class=\"elementor-testimonial-wrapper\">\n\t\t\t\t\t\t\t<div class=\"elementor-testimonial-content\">\u0397 Delia, \u03bc\u03b9\u03b1 \u039a\u03b1\u03b8\u03b7\u03b3\u03ae\u03c4\u03c1\u03b9\u03b1 \u0391\u03b3\u03b3\u03bb\u03b9\u03ba\u03ce\u03bd \u03b1\u03c0\u03cc \u03c4\u03bf Liceul Tehnologic Constantin Ianculescu \u2013 \u03c5\u03bb\u03bf\u03c0\u03bf\u03b9\u03b5\u03af \u03c4\u03bf \u03ad\u03c1\u03b3\u03bf Talent Maker \u03c3\u03b5 \u03ad\u03bd\u03b1 \u03bc\u03b9\u03ba\u03c1\u03cc \u03c3\u03c7\u03bf\u03bb\u03b5\u03af\u03bf \u03c3\u03c4\u03b7\u03bd C\u00e2recea, \u03cc\u03c0\u03bf\u03c5 \u03c4\u03bf 10% \u03c4\u03c9\u03bd \u03bc\u03b1\u03b8\u03b7\u03c4\u03ce\u03bd \u03c4\u03b7\u03c2 \u03c0\u03c1\u03c9\u03c4\u03bf\u03b2\u03ac\u03b8\u03bc\u03b9\u03b1\u03c2 \u03b5\u03ba\u03c0\u03b1\u03af\u03b4\u03b5\u03c5\u03c3\u03b7\u03c2 \u03b1\u03bd\u03c4\u03b9\u03c0\u03c1\u03bf\u03c3\u03c9\u03c0\u03b5\u03cd\u03b5\u03c4\u03b1\u03b9 \u03b1\u03c0\u03cc \u03c4\u03b7\u03bd \u03ba\u03bf\u03b9\u03bd\u03cc\u03c4\u03b7\u03c4\u03b1 \u03c4\u03c9\u03bd \u03a1\u03bf\u03bc\u03ac. \u0397 Talent Maker \u03b3\u03cd\u03c1\u03b9\u03c3\u03b5 \u03c4\u03bf\u03bd \u03c4\u03c1\u03cc\u03c0\u03bf \u03b4\u03b9\u03b4\u03b1\u03c3\u03ba\u03b1\u03bb\u03af\u03b1\u03c2 \u03c4\u03b7\u03c2, \u03ba\u03b1\u03b8\u03ce\u03c2 \u03b5\u03c0\u03b9\u03c4\u03c1\u03ad\u03c0\u03b5\u03b9 \u03c3\u03c4\u03b1 \u03c0\u03b1\u03b9\u03b4\u03b9\u03ac \u03c4\u03b7\u03c2 \u03bd\u03b1 \u03b1\u03b9\u03c3\u03b8\u03ac\u03bd\u03bf\u03bd\u03c4\u03b1\u03b9 \u03bc\u03ad\u03c1\u03bf\u03c2 \u03ba\u03ac\u03c4\u03b9, \u03b1\u03bd\u03b1\u03b3\u03bd\u03c9\u03c1\u03af\u03b6\u03bf\u03bd\u03c4\u03b1\u03c2 \u03c4\u03b9\u03c2 \u03b4\u03c5\u03bd\u03b1\u03c4\u03cc\u03c4\u03b7\u03c4\u03ad\u03c2 \u03c4\u03bf\u03c5\u03c2 \u03ba\u03b1\u03b9, \u03b5\u03c0\u03bf\u03bc\u03ad\u03bd\u03c9\u03c2, \u03c4\u03b9\u03c2 \u03b4\u03c5\u03bd\u03b1\u03c4\u03cc\u03c4\u03b7\u03c4\u03ad\u03c2 \u03c4\u03bf\u03c5\u03c2.<br><br><p align=\"center\" style=\"margin: 0cm 0cm 8pt;line-height: 15.6933px;font-size: 11pt;font-family: Calibri, sans-serif;white-space: normal;text-align: center\"><span lang=\"EN-GB\">\u201c<i>\u038c\u03c4\u03b1\u03bd \u03bf \u0398\u03b5\u03cc\u03c2 \u03bc\u03b1\u03c2 \u03ad\u03c6\u03c4\u03b9\u03b1\u03be\u03b5, \u03bc\u03b1\u03c2 \u03ad\u03ba\u03b1\u03bd\u03b5 \u03bc\u03ad\u03c1\u03bf\u03c2 \u03b5\u03bd\u03cc\u03c2 \u03c4\u03b5\u03c1\u03ac\u03c3\u03c4\u03b9\u03bf\u03c5 \u03ba\u03cc\u03c3\u03bc\u03bf\u03c5. \u03a4\u03bf Talent Maker, \u03c3\u03c4\u03b7\u03bd \u03c0\u03c1\u03b1\u03b3\u03bc\u03b1\u03c4\u03b9\u03ba\u03cc\u03c4\u03b7\u03c4\u03b1, \u03c3\u03b1\u03c2 \u03b4\u03af\u03bd\u03b5\u03b9 \u03c4\u03b7\u03bd \u03b5\u03c5\u03ba\u03b1\u03b9\u03c1\u03af\u03b1 \u03bd\u03b1 \u03bc\u03c0\u03bf\u03c1\u03b5\u03af\u03c4\u03b5 \u03bd\u03b1 \u03c0\u03b5\u03af\u03c4\u03b5: \u0391\u03c5\u03c4\u03ae \u03b5\u03af\u03bd\u03b1\u03b9 \u03b7 \u03b8\u03ad\u03c3\u03b7 \u03bc\u03bf\u03c5 \u03c3\u03c4\u03bf\u03bd \u03ba\u03cc\u03c3\u03bc\u03bf. \u03a3\u03b5 \u03b1\u03c5\u03c4\u03cc \u03b5\u03af\u03bc\u03b1\u03b9 \u03ba\u03b1\u03bb\u03cc\u03c2.<\/i>\u201d<\/span><\/p><\/div>\n\t\t\t\n\t\t\t\t\t\t<div class=\"elementor-testimonial-meta elementor-has-image elementor-testimonial-image-position-aside\">\n\t\t\t\t<div class=\"elementor-testimonial-meta-inner\">\n\t\t\t\t\t\t\t\t\t\t\t<div class=\"elementor-testimonial-image\">\n\t\t\t\t\t\t\t<img fetchpriority=\"high\" decoding=\"async\" width=\"778\" height=\"596\" src=\"https:\/\/talent-maker.eu\/wp-content\/uploads\/2023\/01\/Captura-de-Pantalla-2023-01-30-a-les-12.33.08.png\" class=\"attachment-full size-full wp-image-3379\" alt=\"\" srcset=\"https:\/\/talent-maker.eu\/wp-content\/uploads\/2023\/01\/Captura-de-Pantalla-2023-01-30-a-les-12.33.08.png 778w, https:\/\/talent-maker.eu\/wp-content\/uploads\/2023\/01\/Captura-de-Pantalla-2023-01-30-a-les-12.33.08-300x230.png 300w, https:\/\/talent-maker.eu\/wp-content\/uploads\/2023\/01\/Captura-de-Pantalla-2023-01-30-a-les-12.33.08-768x588.png 768w, https:\/\/talent-maker.eu\/wp-content\/uploads\/2023\/01\/Captura-de-Pantalla-2023-01-30-a-les-12.33.08-230x176.png 230w, https:\/\/talent-maker.eu\/wp-content\/uploads\/2023\/01\/Captura-de-Pantalla-2023-01-30-a-les-12.33.08-350x268.png 350w, https:\/\/talent-maker.eu\/wp-content\/uploads\/2023\/01\/Captura-de-Pantalla-2023-01-30-a-les-12.33.08-480x368.png 480w\" sizes=\"(max-width: 778px) 100vw, 778px\" \/>\t\t\t\t\t\t<\/div>\n\t\t\t\t\t\n\t\t\t\t\t\t\t\t\t\t<div class=\"elementor-testimonial-details\">\n\t\t\t\t\t\t\t\t\t\t\t\t\t\t<div class=\"elementor-testimonial-name\">Delia-Mihaela P\u00eervu<\/div>\n\t\t\t\t\t\t\t\t\t\t\t\t\t\t\t\t\t\t\t\t\t\t<div class=\"elementor-testimonial-job\">\u039a\u0391\u0398\u0397\u0393\u0397\u03a4\u0397\u03a3 \u0391\u0393\u0393\u039b\u0399\u039a\u03a9\u039d <\/div>\n\t\t\t\t\t\t\t\t\t\t\t\t\t<\/div>\n\t\t\t\t\t\t\t\t\t<\/div>\n\t\t\t<\/div>\n\t\t\t\t\t<\/div>\n\t\t\t\t\t\t<\/div>\n\t\t\t\t<\/div>\n\t\t\t\t\t<\/div>\n\t\t<\/div>\n\t\t\t\t<div class=\"elementor-column elementor-col-50 elementor-top-column elementor-element elementor-element-77e2936e\" data-id=\"77e2936e\" data-element_type=\"column\">\n\t\t\t<div class=\"elementor-widget-wrap elementor-element-populated\">\n\t\t\t\t\t\t<div class=\"elementor-element elementor-element-afa3c11 elementor-widget elementor-widget-video\" data-id=\"afa3c11\" data-element_type=\"widget\" data-settings=\"{&quot;youtube_url&quot;:&quot;https:\\\/\\\/youtube.com\\\/watch?v=5frzra9VDTY&amp;si=EnSIkaIECMiOmarE&quot;,&quot;video_type&quot;:&quot;youtube&quot;,&quot;controls&quot;:&quot;yes&quot;}\" data-widget_type=\"video.default\">\n\t\t\t\t<div class=\"elementor-widget-container\">\n\t\t\t\t\t\t\t<div class=\"elementor-wrapper elementor-open-inline\">\n\t\t\t<div class=\"elementor-video\"><\/div>\t\t<\/div>\n\t\t\t\t\t\t<\/div>\n\t\t\t\t<\/div>\n\t\t\t\t<div class=\"elementor-element elementor-element-ef3a6a5 elementor-widget elementor-widget-text-editor\" data-id=\"ef3a6a5\" data-element_type=\"widget\" data-widget_type=\"text-editor.default\">\n\t\t\t\t<div class=\"elementor-widget-container\">\n\t\t\t\t\t\t\t\t\t<p>\u03a0\u03b7\u03b3\u03b1\u03af\u03bd\u03bf\u03bd\u03c4\u03b1\u03c2 \u03b1\u03c0\u03cc \u03c4\u03b1 \u03c3\u03c7\u03bf\u03bb\u03b9\u03ba\u03ac \u03c3\u03b1\u03ba\u03af\u03b4\u03b9\u03b1 \u03b3\u03b5\u03bc\u03ac\u03c4\u03b1 \u03b2\u03b9\u03b2\u03bb\u03af\u03b1 \u03c3\u03b5 \u03b2\u03c1\u03ce\u03bc\u03b9\u03ba\u03b1 \u03c7\u03ad\u03c1\u03b9\u03b1 \u03ba\u03b1\u03b9 \u03bc\u03b9\u03b1 \u03ba\u03b1\u03c1\u03b4\u03b9\u03ac \u03b3\u03b5\u03bc\u03ac\u03c4\u03b7 \u03b1\u03bd\u03b1\u03bc\u03bd\u03ae\u03c3\u03b5\u03b9\u03c2. \u03a4\u03bf \u0394\u03b7\u03bc\u03bf\u03c4\u03b9\u03ba\u03cc \u03a3\u03c7\u03bf\u03bb\u03b5\u03af\u03bf \u0391\u03bb\u03b9\u03ba\u03b1\u03c1\u03bd\u03b1\u03c3\u03c3\u03bf\u03cd \u03c5\u03c0\u03bf\u03b4\u03ad\u03c7\u03b5\u03c4\u03b1\u03b9 \u03bf\u03b9\u03ba\u03bf\u03b3\u03ad\u03bd\u03b5\u03b9\u03b5\u03c2 \u03ba\u03b1\u03b9 \u03bc\u03b1\u03b8\u03b7\u03c4\u03ad\u03c2 \u03b4\u03b9\u03b1\u03c6\u03bf\u03c1\u03b5\u03c4\u03b9\u03ba\u03ce\u03bd \u03ba\u03bf\u03b9\u03bd\u03c9\u03bd\u03b9\u03ba\u03ce\u03bd, \u03bf\u03b9\u03ba\u03bf\u03bd\u03bf\u03bc\u03b9\u03ba\u03ce\u03bd \u03ba\u03b1\u03b9 \u03bc\u03bf\u03c1\u03c6\u03c9\u03c4\u03b9\u03ba\u03ce\u03bd \u03ba\u03b1\u03c4\u03b1\u03b2\u03bf\u03bb\u03ce\u03bd, \u03ba\u03b1\u03b8\u03ce\u03c2 \u03ba\u03b1\u03b9 \u03c0\u03c1\u03cc\u03c3\u03c6\u03c5\u03b3\u03b5\u03c2 \u03bc\u03b1\u03b8\u03b7\u03c4\u03ad\u03c2 \u03b1\u03c0\u03cc \u03c4\u03b7 \u03a3\u03c5\u03c1\u03af\u03b1 \u03ba\u03b1\u03b9 \u03c4\u03bf \u0391\u03c6\u03b3\u03b1\u03bd\u03b9\u03c3\u03c4\u03ac\u03bd. \u038c\u03c0\u03c9\u03c2 \u03b4\u03b7\u03bb\u03ce\u03bd\u03b5\u03b9 \u03bf \u03b4\u03b9\u03b5\u03c5\u03b8\u03c5\u03bd\u03c4\u03ae\u03c2 \u03c4\u03bf\u03c5, \u03bb\u03b1\u03c7\u03c4\u03b1\u03c1\u03bf\u03cd\u03bd \u03bc\u03b9\u03b1 \u03b1\u03bb\u03bb\u03b1\u03b3\u03ae \u03c0\u03bf\u03c5 \u03b1\u03c6\u03ae\u03bd\u03b5\u03b9 \u03c0\u03af\u03c3\u03c9 \u03b2\u03b9\u03b2\u03bb\u03af\u03b1 \u03ba\u03b1\u03b9 \u03c3\u03c4\u03bf\u03b9\u03c7\u03ae\u03bc\u03b1\u03c4\u03b1 \u03b3\u03b9\u03b1 \u03b2\u03b9\u03c9\u03bc\u03b1\u03c4\u03b9\u03ba\u03ae \u03b5\u03ba\u03c0\u03b1\u03af\u03b4\u03b5\u03c5\u03c3\u03b7.<\/p>\t\t\t\t\t\t\t\t<\/div>\n\t\t\t\t<\/div>\n\t\t\t\t<div class=\"elementor-element elementor-element-39e0384d elementor-widget elementor-widget-testimonial\" data-id=\"39e0384d\" data-element_type=\"widget\" data-widget_type=\"testimonial.default\">\n\t\t\t\t<div class=\"elementor-widget-container\">\n\t\t\t\t\t\t\t<div class=\"elementor-testimonial-wrapper\">\n\t\t\t\t\t\t\t<div class=\"elementor-testimonial-content\">O K\u00f3stas, \u00e9mpeiros Evropa\u00efk\u00f3s Syntonist\u00eds Koinonik\u00eds \u00c9ntaxis ap\u00f3 tin Action Synergy \u2013 synerg\u00e1zetai stin ensom\u00e1tosi tou \u00e9rgou Talent Maker stis praktik\u00e9s tis Protov\u00e1thmias Ekpa\u00eddefsis me systimatopoiim\u00e9no tr\u00f3po, prokeim\u00e9nou na to metaf\u00e9rei se ekpaideftiko\u00fas me par\u00f3moia periv\u00e1llonta stin Ell\u00e1da kai se \u00f3li tin Evr\u00f3pi. <br><br><p align=\"center\" style=\"margin: 0cm 0cm 8pt;line-height: 15.6933px;font-size: 11pt;font-family: Calibri, sans-serif;white-space: normal;text-align: center\"><span lang=\"EN-GB\">\u201c<i>\u201c\u03a4\u03bf Talent Maker \u03b3\u03b9\u03b1 \u03b5\u03bc\u03ad\u03bd\u03b1 \u03ba\u03b1\u03b9 \u03c4\u03bf \u03c3\u03c7\u03bf\u03bb\u03b5\u03af\u03bf \u03bc\u03bf\u03c5 \u03b5\u03af\u03bd\u03b1\u03b9 \u03bc\u03b9\u03b1 \u03bd\u03ad\u03b1 \u03b1\u03c1\u03c7\u03ae, \u03bc\u03b9\u03b1 \u03bd\u03ad\u03b1 \u03b5\u03c0\u03bf\u03c7\u03ae \u03b3\u03b9\u03b1\u03c4\u03af \u03c0\u03b9\u03c3\u03c4\u03b5\u03cd\u03c9 \u03cc\u03c4\u03b9 \u03c0\u03c1\u03ad\u03c0\u03b5\u03b9 \u03bd\u03b1 \u03b1\u03bb\u03bb\u03ac\u03be\u03bf\u03c5\u03bc\u03b5 \u03ba\u03ac\u03c4\u03b9 \u03c3\u03c4\u03b7\u03bd \u03b5\u03ba\u03c0\u03b1\u03af\u03b4\u03b5\u03c5\u03c3\u03ae \u03bc\u03b1\u03c2 \u03ba\u03b1\u03b9 \u03c4\u03bf Talent Maker \u03b8\u03b1 \u03bc\u03b1\u03c2 \u03b2\u03bf\u03b7\u03b8\u03ae\u03c3\u03b5\u03b9 \u03c0\u03c1\u03bf\u03c2 \u03b1\u03c5\u03c4\u03ae \u03c4\u03b7\u03bd \u03ba\u03b1\u03c4\u03b5\u03cd\u03b8\u03c5\u03bd\u03c3\u03b7..\u201d<\/i><\/span><\/span><i> <\/i><br><\/div>\n\t\t\t\n\t\t\t\t\t\t<div class=\"elementor-testimonial-meta elementor-has-image elementor-testimonial-image-position-aside\">\n\t\t\t\t<div class=\"elementor-testimonial-meta-inner\">\n\t\t\t\t\t\t\t\t\t\t\t<div class=\"elementor-testimonial-image\">\n\t\t\t\t\t\t\t<img decoding=\"async\" width=\"820\" height=\"690\" src=\"https:\/\/talent-maker.eu\/wp-content\/uploads\/2023\/01\/Captura-de-Pantalla-2023-01-30-a-les-12.49.35.png\" class=\"attachment-full size-full wp-image-3398\" alt=\"\" srcset=\"https:\/\/talent-maker.eu\/wp-content\/uploads\/2023\/01\/Captura-de-Pantalla-2023-01-30-a-les-12.49.35.png 820w, https:\/\/talent-maker.eu\/wp-content\/uploads\/2023\/01\/Captura-de-Pantalla-2023-01-30-a-les-12.49.35-300x252.png 300w, https:\/\/talent-maker.eu\/wp-content\/uploads\/2023\/01\/Captura-de-Pantalla-2023-01-30-a-les-12.49.35-768x646.png 768w, https:\/\/talent-maker.eu\/wp-content\/uploads\/2023\/01\/Captura-de-Pantalla-2023-01-30-a-les-12.49.35-230x194.png 230w, https:\/\/talent-maker.eu\/wp-content\/uploads\/2023\/01\/Captura-de-Pantalla-2023-01-30-a-les-12.49.35-350x295.png 350w, https:\/\/talent-maker.eu\/wp-content\/uploads\/2023\/01\/Captura-de-Pantalla-2023-01-30-a-les-12.49.35-480x404.png 480w\" sizes=\"(max-width: 820px) 100vw, 820px\" \/>\t\t\t\t\t\t<\/div>\n\t\t\t\t\t\n\t\t\t\t\t\t\t\t\t\t<div class=\"elementor-testimonial-details\">\n\t\t\t\t\t\t\t\t\t\t\t\t\t\t<div class=\"elementor-testimonial-name\">Nikolaos Antonopoulos<\/div>\n\t\t\t\t\t\t\t\t\t\t\t\t\t\t\t\t\t\t\t\t\t\t<div class=\"elementor-testimonial-job\">Headteacher \u0395\u03a0\u0399\u039a\u0395\u03a6\u0391\u039b\u0397\u03a3 \u0394\u0391\u03a3\u039a\u0391\u039b\u039f\u03a3<\/div>\n\t\t\t\t\t\t\t\t\t\t\t\t\t<\/div>\n\t\t\t\t\t\t\t\t\t<\/div>\n\t\t\t<\/div>\n\t\t\t\t\t<\/div>\n\t\t\t\t\t\t<\/div>\n\t\t\t\t<\/div>\n\t\t\t\t\t<\/div>\n\t\t<\/div>\n\t\t\t\t\t<\/div>\n\t\t<\/section>\n\t\t\t\t<\/div>\n\t\t","protected":false},"excerpt":{"rendered":"<p>\u039c\u03b1\u03c1\u03c4\u03c5\u03c1\u03af\u03b5\u03c2 \u0394\u03b5\u03af\u03c4\u03b5 \u03c0\u03ce\u03c2 \u03b2\u03af\u03c9\u03c3\u03b1\u03bd \u03c4\u03bf \u03ad\u03c1\u03b3\u03bf \u03bc\u03ad\u03bb\u03b7 \u03c4\u03b7\u03c2 \u03bf\u03bc\u03ac\u03b4\u03b1\u03c2 Talent Maker \u03b1\u03c0\u03cc \u03c4\u03b7\u03bd \u0399\u03c3\u03c0\u03b1\u03bd\u03af\u03b1, \u03c4\u03b7 \u03a1\u03bf\u03c5\u03bc\u03b1\u03bd\u03af\u03b1 \u03ba\u03b1\u03b9 \u03c4\u03b7\u03bd \u0395\u03bb\u03bb\u03ac\u03b4\u03b1 \u03ba\u03b1\u03b9 \u03ba\u03b1\u03b8\u03b7\u03b3\u03b7\u03c4\u03ad\u03c2 \u03c0\u03bf\u03c5 \u03ad\u03c7\u03bf\u03c5\u03bd \u03b5\u03ba\u03c0\u03b1\u03b9\u03b4\u03b5\u03c5\u03c4\u03b5\u03af \u03c3\u03c4\u03b7 \u039c\u03b5\u03b8\u03bf\u03b4\u03bf\u03bb\u03bf\u03b3\u03af\u03b1 \u03c4\u03bf\u03c5 \u03b1\u03c0\u03cc \u03cc\u03bb\u03b7 \u03c4\u03b7\u03bd \u0395\u03c5\u03c1\u03ce\u03c0\u03b7. \u0393\u03bd\u03c9\u03c1\u03af\u03c3\u03c4\u03b5 \u03c4\u03bf\u03c5\u03c2 \u03b1\u03bd\u03b8\u03c1\u03ce\u03c0\u03bf\u03c5\u03c2 \u03c0\u03af\u03c3\u03c9 \u03b1\u03c0\u03cc \u03c4\u03bf\u03c5\u03c2 \u0388\u03bb\u03bb\u03b7\u03bd\u03b5\u03c2 \u03ba\u03b1\u03b9 \u03a1\u03bf\u03c5\u03bc\u03ac\u03bd\u03bf\u03c5\u03c2 \u03b5\u03c4\u03b1\u03af\u03c1\u03bf\u03c5\u03c2 \u03bc\u03b1\u03c2. \u039c\u03ac\u03b8\u03b5\u03c4\u03b5 \u03c0\u03ce\u03c2 \u03bf\u03c1\u03af\u03b6\u03bf\u03c5\u03bd \u03c4\u03bf Talent Maker \u03ba\u03b1\u03b9 \u03c4\u03b7 [&hellip;]<\/p>\n","protected":false},"author":1,"featured_media":0,"parent":0,"menu_order":0,"comment_status":"closed","ping_status":"closed","template":"elementor_header_footer","meta":{"_acf_changed":false,"_monsterinsights_skip_tracking":false,"_monsterinsights_sitenote_active":false,"_monsterinsights_sitenote_note":"","_monsterinsights_sitenote_category":0,"footnotes":""},"class_list":["post-5172","page","type-page","status-publish","hentry"],"acf":[],"_links":{"self":[{"href":"https:\/\/talent-maker.eu\/el\/wp-json\/wp\/v2\/pages\/5172","targetHints":{"allow":["GET"]}}],"collection":[{"href":"https:\/\/talent-maker.eu\/el\/wp-json\/wp\/v2\/pages"}],"about":[{"href":"https:\/\/talent-maker.eu\/el\/wp-json\/wp\/v2\/types\/page"}],"author":[{"embeddable":true,"href":"https:\/\/talent-maker.eu\/el\/wp-json\/wp\/v2\/users\/1"}],"replies":[{"embeddable":true,"href":"https:\/\/talent-maker.eu\/el\/wp-json\/wp\/v2\/comments?post=5172"}],"version-history":[{"count":5,"href":"https:\/\/talent-maker.eu\/el\/wp-json\/wp\/v2\/pages\/5172\/revisions"}],"predecessor-version":[{"id":5374,"href":"https:\/\/talent-maker.eu\/el\/wp-json\/wp\/v2\/pages\/5172\/revisions\/5374"}],"wp:attachment":[{"href":"https:\/\/talent-maker.eu\/el\/wp-json\/wp\/v2\/media?parent=5172"}],"curies":[{"name":"wp","href":"https:\/\/api.w.org\/{rel}","templated":true}]}}