{"id":4506,"date":"2020-10-08T04:40:46","date_gmt":"2020-10-08T04:40:46","guid":{"rendered":"https:\/\/talent-maker.eu\/teachers-guide\/"},"modified":"2023-06-06T08:45:36","modified_gmt":"2023-06-06T08:45:36","slug":"guia-de-la-mestra","status":"publish","type":"page","link":"https:\/\/talent-maker.eu\/ca\/guia-de-la-mestra\/","title":{"rendered":"Guia del mestre\/a"},"content":{"rendered":"\t\t<div data-elementor-type=\"wp-page\" data-elementor-id=\"4506\" class=\"elementor elementor-4506 elementor-344\">\n\t\t\t\t\t\t<section class=\"elementor-section elementor-top-section elementor-element elementor-element-7bf7e74 elementor-section-boxed elementor-section-height-default elementor-section-height-default\" data-id=\"7bf7e74\" data-element_type=\"section\" data-settings=\"{&quot;background_background&quot;:&quot;classic&quot;}\">\n\t\t\t\t\t\t<div class=\"elementor-container elementor-column-gap-default\">\n\t\t\t\t\t<div class=\"elementor-column elementor-col-100 elementor-top-column elementor-element elementor-element-5c1f91f\" data-id=\"5c1f91f\" data-element_type=\"column\">\n\t\t\t<div class=\"elementor-widget-wrap elementor-element-populated\">\n\t\t\t\t\t\t<div class=\"elementor-element elementor-element-7d4cba6 elementor-widget elementor-widget-heading\" data-id=\"7d4cba6\" data-element_type=\"widget\" data-widget_type=\"heading.default\">\n\t\t\t\t<div class=\"elementor-widget-container\">\n\t\t\t\t\t<h2 class=\"elementor-heading-title elementor-size-default\">Guia del mestre\/a<\/h2>\t\t\t\t<\/div>\n\t\t\t\t<\/div>\n\t\t\t\t<div class=\"elementor-element elementor-element-7bb22c6 elementor-widget elementor-widget-text-editor\" data-id=\"7bb22c6\" data-element_type=\"widget\" data-widget_type=\"text-editor.default\">\n\t\t\t\t<div class=\"elementor-widget-container\">\n\t\t\t\t\t\t\t\t\t<p class=\"p2\">La <b>Guia del Mestre\/a<\/b> (producte intel\u00b7lectual 3) inclour\u00e0 les idees essencials de la Metodologia (producte intel\u00b7lectual 1), exemples de C\u00e0psules Educatives Digitals (producte intel\u00b7lectual 2), estudis de casos i programacions d\u2019aula Generalment, anir\u00e0 adre\u00e7ada als mestres, tot i que inclour\u00e0 alguns consells per a les fam\u00edlies <\/p>\n\t\t\t\t\t\t\t\t<\/div>\n\t\t\t\t<\/div>\n\t\t\t\t\t<\/div>\n\t\t<\/div>\n\t\t\t\t\t<\/div>\n\t\t<\/section>\n\t\t<div class=\"elementor-element elementor-element-ece3d5a e-flex e-con-boxed e-con e-parent\" data-id=\"ece3d5a\" data-element_type=\"container\">\n\t\t\t\t\t<div class=\"e-con-inner\">\n\t\t<div class=\"elementor-element elementor-element-adf28a4 e-con-full e-flex e-con e-child\" data-id=\"adf28a4\" data-element_type=\"container\">\n\t\t\t\t<div class=\"elementor-element elementor-element-1dcfdb1 elementor-widget elementor-widget-image\" data-id=\"1dcfdb1\" data-element_type=\"widget\" data-widget_type=\"image.default\">\n\t\t\t\t<div class=\"elementor-widget-container\">\n\t\t\t\t\t\t\t\t\t\t\t\t\t\t\t<img fetchpriority=\"high\" decoding=\"async\" width=\"731\" height=\"1024\" src=\"https:\/\/talent-maker.eu\/wp-content\/uploads\/2023\/05\/ANGL-731x1024.png\" class=\"attachment-large size-large wp-image-4827\" alt=\"\" srcset=\"https:\/\/talent-maker.eu\/wp-content\/uploads\/2023\/05\/ANGL-731x1024.png 731w, https:\/\/talent-maker.eu\/wp-content\/uploads\/2023\/05\/ANGL-214x300.png 214w, https:\/\/talent-maker.eu\/wp-content\/uploads\/2023\/05\/ANGL-768x1076.png 768w, https:\/\/talent-maker.eu\/wp-content\/uploads\/2023\/05\/ANGL-230x322.png 230w, https:\/\/talent-maker.eu\/wp-content\/uploads\/2023\/05\/ANGL-350x491.png 350w, https:\/\/talent-maker.eu\/wp-content\/uploads\/2023\/05\/ANGL-480x673.png 480w, https:\/\/talent-maker.eu\/wp-content\/uploads\/2023\/05\/ANGL.png 812w\" sizes=\"(max-width: 731px) 100vw, 731px\" \/>\t\t\t\t\t\t\t\t\t\t\t\t\t\t\t<\/div>\n\t\t\t\t<\/div>\n\t\t\t\t<\/div>\n\t\t<div class=\"elementor-element elementor-element-8e0af99 e-con-full e-flex e-con e-child\" data-id=\"8e0af99\" data-element_type=\"container\">\n\t\t\t\t<div class=\"elementor-element elementor-element-e5b58e8 elementor-widget elementor-widget-shortcode\" data-id=\"e5b58e8\" data-element_type=\"widget\" data-widget_type=\"shortcode.default\">\n\t\t\t\t<div class=\"elementor-widget-container\">\n\t\t\t\t\t\t\t<div class=\"elementor-shortcode\"><div class='w3eden'><!-- WPDM Link Template: Default Template -->\n\n<div class=\"link-template-default card mb-2\">\n    <div class=\"card-body\">\n        <div class=\"media\">\n            <div class=\"mr-3 img-48\"><img decoding=\"async\" class=\"wpdm_icon\" alt=\"Icona\"   src=\"https:\/\/talent-maker.eu\/wp-content\/plugins\/download-manager\/assets\/file-type-icons\/pdf.png\" \/><\/div>\n            <div class=\"media-body\">\n                <h3 class=\"package-title\"><a href='https:\/\/talent-maker.eu\/ca\/download\/guia-de-la-mestra\/'>Guia de la mestra<\/a><\/h3>\n                <div class=\"text-muted text-small\"><i class=\"fas fa-copy\"><\/i> 1 fitxer(s) <i class=\"fas fa-hdd ml-3\"><\/i> 0.00 KB<\/div>\n            <\/div>\n            <div class=\"ml-3\">\n                <a class='wpdm-download-link download-on-click btn btn-primary ' rel='nofollow' href='#' data-downloadurl=\"https:\/\/talent-maker.eu\/ca\/download\/guia-de-la-mestra\/?wpdmdl=4841&refresh=69dc35b19bb4b1776039345\">Baixa<\/a>\n            <\/div>\n        <\/div>\n    <\/div>\n<\/div>\n\n<\/div><\/div>\n\t\t\t\t\t\t<\/div>\n\t\t\t\t<\/div>\n\t\t\t\t<\/div>\n\t\t\t\t\t<\/div>\n\t\t\t\t<\/div>\n\t\t\t\t<\/div>\n\t\t","protected":false},"excerpt":{"rendered":"<p>Guia del mestre\/a La Guia del Mestre\/a (producte intel\u00b7lectual 3) inclour\u00e0 les idees essencials de la Metodologia (producte intel\u00b7lectual 1), exemples de C\u00e0psules Educatives Digitals (producte intel\u00b7lectual 2), estudis de casos i programacions d\u2019aula Generalment, anir\u00e0 adre\u00e7ada als mestres, tot i que inclour\u00e0 alguns consells per a les fam\u00edlies<\/p>\n","protected":false},"author":1,"featured_media":0,"parent":0,"menu_order":0,"comment_status":"closed","ping_status":"closed","template":"page-templates\/page_front-page.php","meta":{"_acf_changed":false,"_monsterinsights_skip_tracking":false,"_monsterinsights_sitenote_active":false,"_monsterinsights_sitenote_note":"","_monsterinsights_sitenote_category":0,"footnotes":""},"class_list":["post-4506","page","type-page","status-publish","hentry"],"acf":[],"_links":{"self":[{"href":"https:\/\/talent-maker.eu\/ca\/wp-json\/wp\/v2\/pages\/4506","targetHints":{"allow":["GET"]}}],"collection":[{"href":"https:\/\/talent-maker.eu\/ca\/wp-json\/wp\/v2\/pages"}],"about":[{"href":"https:\/\/talent-maker.eu\/ca\/wp-json\/wp\/v2\/types\/page"}],"author":[{"embeddable":true,"href":"https:\/\/talent-maker.eu\/ca\/wp-json\/wp\/v2\/users\/1"}],"replies":[{"embeddable":true,"href":"https:\/\/talent-maker.eu\/ca\/wp-json\/wp\/v2\/comments?post=4506"}],"version-history":[{"count":16,"href":"https:\/\/talent-maker.eu\/ca\/wp-json\/wp\/v2\/pages\/4506\/revisions"}],"predecessor-version":[{"id":5201,"href":"https:\/\/talent-maker.eu\/ca\/wp-json\/wp\/v2\/pages\/4506\/revisions\/5201"}],"wp:attachment":[{"href":"https:\/\/talent-maker.eu\/ca\/wp-json\/wp\/v2\/media?parent=4506"}],"curies":[{"name":"wp","href":"https:\/\/api.w.org\/{rel}","templated":true}]}}