{"id":4500,"date":"2023-01-26T14:56:41","date_gmt":"2023-01-26T14:56:41","guid":{"rendered":"https:\/\/talent-maker.eu\/testimonials\/"},"modified":"2023-06-06T08:09:32","modified_gmt":"2023-06-06T08:09:32","slug":"testimonis","status":"publish","type":"page","link":"https:\/\/talent-maker.eu\/ca\/testimonis\/","title":{"rendered":"Testimonis"},"content":{"rendered":"\t\t<div data-elementor-type=\"wp-page\" data-elementor-id=\"4500\" class=\"elementor elementor-4500 elementor-3324\">\n\t\t\t\t\t\t<section class=\"elementor-section elementor-top-section elementor-element elementor-element-00232f5 elementor-section-boxed elementor-section-height-default elementor-section-height-default\" data-id=\"00232f5\" data-element_type=\"section\" data-e-type=\"section\" data-settings=\"{&quot;background_background&quot;:&quot;classic&quot;}\">\n\t\t\t\t\t\t<div class=\"elementor-container elementor-column-gap-default\">\n\t\t\t\t\t<div class=\"elementor-column elementor-col-100 elementor-top-column elementor-element elementor-element-aec50db\" data-id=\"aec50db\" data-element_type=\"column\" data-e-type=\"column\">\n\t\t\t<div class=\"elementor-widget-wrap elementor-element-populated\">\n\t\t\t\t\t\t<div class=\"elementor-element elementor-element-8944744 elementor-widget elementor-widget-heading\" data-id=\"8944744\" data-element_type=\"widget\" data-e-type=\"widget\" data-widget_type=\"heading.default\">\n\t\t\t\t<div class=\"elementor-widget-container\">\n\t\t\t\t\t<h2 class=\"elementor-heading-title elementor-size-default\">Testimonis<\/h2>\t\t\t\t<\/div>\n\t\t\t\t<\/div>\n\t\t\t\t<div class=\"elementor-element elementor-element-e985659 elementor-widget elementor-widget-text-editor\" data-id=\"e985659\" data-element_type=\"widget\" data-e-type=\"widget\" data-widget_type=\"text-editor.default\">\n\t\t\t\t<div class=\"elementor-widget-container\">\n\t\t\t\t\t\t\t\t\t<p>Vegeu com els membres de l&#8217;equip de Talent Maker d&#8217;Espanya, Romania i Gr\u00e8cia i professors formats en la seva Metodologia d&#8217;arreu d&#8217;Europa han experimentat el projecte.<\/p>\n\t\t\t\t\t\t\t\t<\/div>\n\t\t\t\t<\/div>\n\t\t\t\t\t<\/div>\n\t\t<\/div>\n\t\t\t\t\t<\/div>\n\t\t<\/section>\n\t\t\t\t<section class=\"elementor-section elementor-top-section elementor-element elementor-element-5e552627 elementor-section-boxed elementor-section-height-default elementor-section-height-default\" data-id=\"5e552627\" data-element_type=\"section\" data-e-type=\"section\" data-settings=\"{&quot;background_background&quot;:&quot;classic&quot;}\">\n\t\t\t\t\t\t<div class=\"elementor-container elementor-column-gap-default\">\n\t\t\t\t\t<div class=\"elementor-column elementor-col-100 elementor-top-column elementor-element elementor-element-7b299fe3\" data-id=\"7b299fe3\" data-element_type=\"column\" data-e-type=\"column\">\n\t\t\t<div class=\"elementor-widget-wrap elementor-element-populated\">\n\t\t\t\t\t\t<div class=\"elementor-element elementor-element-3dd333a1 elementor-widget elementor-widget-text-editor\" data-id=\"3dd333a1\" data-element_type=\"widget\" data-e-type=\"widget\" data-widget_type=\"text-editor.default\">\n\t\t\t\t<div class=\"elementor-widget-container\">\n\t\t\t\t\t\t\t\t\t<p>Coneix les persones que hi ha darrere dels nostres socis grecs i romanesos. Descobriu com defineixen Talent Maker i el significat de les seves organitzacions. Descobriu quins consideren que s\u00f3n els beneficis per a les seves comunitats i molt m\u00e9s.<\/p>\n\t\t\t\t\t\t\t\t<\/div>\n\t\t\t\t<\/div>\n\t\t\t\t\t<\/div>\n\t\t<\/div>\n\t\t\t\t\t<\/div>\n\t\t<\/section>\n\t\t\t\t<section class=\"elementor-section elementor-top-section elementor-element elementor-element-4cdae3e1 elementor-section-boxed elementor-section-height-default elementor-section-height-default\" data-id=\"4cdae3e1\" data-element_type=\"section\" data-e-type=\"section\" data-settings=\"{&quot;background_background&quot;:&quot;classic&quot;}\">\n\t\t\t\t\t\t<div class=\"elementor-container elementor-column-gap-extended\">\n\t\t\t\t\t<div class=\"elementor-column elementor-col-50 elementor-top-column elementor-element elementor-element-6c806efb\" data-id=\"6c806efb\" data-element_type=\"column\" data-e-type=\"column\">\n\t\t\t<div class=\"elementor-widget-wrap elementor-element-populated\">\n\t\t\t\t\t\t<div class=\"elementor-element elementor-element-a1d3a04 elementor-widget elementor-widget-video\" data-id=\"a1d3a04\" data-element_type=\"widget\" data-e-type=\"widget\" data-settings=\"{&quot;youtube_url&quot;:&quot;https:\\\/\\\/youtube.com\\\/watch?v=FBCyBpSe0mI&amp;si=EnSIkaIECMiOmarE&quot;,&quot;video_type&quot;:&quot;youtube&quot;,&quot;controls&quot;:&quot;yes&quot;}\" data-widget_type=\"video.default\">\n\t\t\t\t<div class=\"elementor-widget-container\">\n\t\t\t\t\t\t\t<div class=\"elementor-wrapper elementor-open-inline\">\n\t\t\t<div class=\"elementor-video\"><\/div>\t\t<\/div>\n\t\t\t\t\t\t<\/div>\n\t\t\t\t<\/div>\n\t\t\t\t<div class=\"elementor-element elementor-element-00e88be elementor-widget elementor-widget-text-editor\" data-id=\"00e88be\" data-element_type=\"widget\" data-e-type=\"widget\" data-widget_type=\"text-editor.default\">\n\t\t\t\t<div class=\"elementor-widget-container\">\n\t\t\t\t\t\t\t\t\t<p>Com els enginyers de la Facultat d&#8217;Autom\u00e0tica, Inform\u00e0tica i Electr\u00f2nica de la Universitat de Craiova van prendre un cam\u00ed diferent i van trobar passi\u00f3 i font d&#8217;inspiraci\u00f3 com a pares per participar en les col\u00b7laboracions de Talent Maker per a l&#8217;educaci\u00f3. <\/p>\n\t\t\t\t\t\t\t\t<\/div>\n\t\t\t\t<\/div>\n\t\t\t\t<div class=\"elementor-element elementor-element-465538ec elementor-widget elementor-widget-testimonial\" data-id=\"465538ec\" data-element_type=\"widget\" data-e-type=\"widget\" data-widget_type=\"testimonial.default\">\n\t\t\t\t<div class=\"elementor-widget-container\">\n\t\t\t\t\t\t\t<div class=\"elementor-testimonial-wrapper\">\n\t\t\t\t\t\t\t<div class=\"elementor-testimonial-content\"><p>Delia, una professora d'angl\u00e8s del Liceul Tehnologic Constantin Ianculescu, implementa el projecte Talent Maker en una petita escola de C\u00e2recea, on el 10% dels seus alumnes de prim\u00e0ria estan representats per la comunitat gitana. Talent Maker va canviar la seva manera d'ensenyar, ja que permet als seus fills sentir-se part d'alguna cosa reconeixent el seu potencial i, per tant, la seva capacitat.<\/p>\n<p align=\"center\" style=\"margin: 0cm 0cm 8pt;line-height: 15.6933px;font-size: 11pt;font-family: Calibri, sans-serif;white-space: normal;text-align: center\"><span lang=\"EN-GB\">\u201c<i>Quan D\u00e9u ens va fer, ens va fer part d'un m\u00f3n immens. Talent Maker, de fet, et d\u00f3na l'oportunitat de poder dir: Aquest \u00e9s el meu lloc al m\u00f3n. Aix\u00f2 \u00e9s en qu\u00e8 s\u00f3c bo.<\/i>\u201d<\/span><\/p>\n<\/div>\n\t\t\t\n\t\t\t\t\t\t<div class=\"elementor-testimonial-meta elementor-has-image elementor-testimonial-image-position-aside\">\n\t\t\t\t<div class=\"elementor-testimonial-meta-inner\">\n\t\t\t\t\t\t\t\t\t\t\t<div class=\"elementor-testimonial-image\">\n\t\t\t\t\t\t\t<img fetchpriority=\"high\" decoding=\"async\" width=\"778\" height=\"596\" src=\"https:\/\/talent-maker.eu\/wp-content\/uploads\/2023\/01\/Captura-de-Pantalla-2023-01-30-a-les-12.33.08.png\" class=\"attachment-full size-full wp-image-3379\" alt=\"\" srcset=\"https:\/\/talent-maker.eu\/wp-content\/uploads\/2023\/01\/Captura-de-Pantalla-2023-01-30-a-les-12.33.08.png 778w, https:\/\/talent-maker.eu\/wp-content\/uploads\/2023\/01\/Captura-de-Pantalla-2023-01-30-a-les-12.33.08-300x230.png 300w, https:\/\/talent-maker.eu\/wp-content\/uploads\/2023\/01\/Captura-de-Pantalla-2023-01-30-a-les-12.33.08-768x588.png 768w, https:\/\/talent-maker.eu\/wp-content\/uploads\/2023\/01\/Captura-de-Pantalla-2023-01-30-a-les-12.33.08-230x176.png 230w, https:\/\/talent-maker.eu\/wp-content\/uploads\/2023\/01\/Captura-de-Pantalla-2023-01-30-a-les-12.33.08-350x268.png 350w, https:\/\/talent-maker.eu\/wp-content\/uploads\/2023\/01\/Captura-de-Pantalla-2023-01-30-a-les-12.33.08-480x368.png 480w\" sizes=\"(max-width: 778px) 100vw, 778px\" \/>\t\t\t\t\t\t<\/div>\n\t\t\t\t\t\n\t\t\t\t\t\t\t\t\t\t<div class=\"elementor-testimonial-details\">\n\t\t\t\t\t\t\t\t\t\t\t\t\t\t<div class=\"elementor-testimonial-name\">Delia-Mihaela P\u00eervu<\/div>\n\t\t\t\t\t\t\t\t\t\t\t\t\t\t\t\t\t\t\t\t\t\t<div class=\"elementor-testimonial-job\">Mestra d'angl\u00e8s <\/div>\n\t\t\t\t\t\t\t\t\t\t\t\t\t<\/div>\n\t\t\t\t\t\t\t\t\t<\/div>\n\t\t\t<\/div>\n\t\t\t\t\t<\/div>\n\t\t\t\t\t\t<\/div>\n\t\t\t\t<\/div>\n\t\t\t\t\t<\/div>\n\t\t<\/div>\n\t\t\t\t<div class=\"elementor-column elementor-col-50 elementor-top-column elementor-element elementor-element-77e2936e\" data-id=\"77e2936e\" data-element_type=\"column\" data-e-type=\"column\">\n\t\t\t<div class=\"elementor-widget-wrap elementor-element-populated\">\n\t\t\t\t\t\t<div class=\"elementor-element elementor-element-afa3c11 elementor-widget elementor-widget-video\" data-id=\"afa3c11\" data-element_type=\"widget\" data-e-type=\"widget\" data-settings=\"{&quot;youtube_url&quot;:&quot;https:\\\/\\\/youtube.com\\\/watch?v=5frzra9VDTY&amp;si=EnSIkaIECMiOmarE&quot;,&quot;video_type&quot;:&quot;youtube&quot;,&quot;controls&quot;:&quot;yes&quot;}\" data-widget_type=\"video.default\">\n\t\t\t\t<div class=\"elementor-widget-container\">\n\t\t\t\t\t\t\t<div class=\"elementor-wrapper elementor-open-inline\">\n\t\t\t<div class=\"elementor-video\"><\/div>\t\t<\/div>\n\t\t\t\t\t\t<\/div>\n\t\t\t\t<\/div>\n\t\t\t\t<div class=\"elementor-element elementor-element-ef3a6a5 elementor-widget elementor-widget-text-editor\" data-id=\"ef3a6a5\" data-element_type=\"widget\" data-e-type=\"widget\" data-widget_type=\"text-editor.default\">\n\t\t\t\t<div class=\"elementor-widget-container\">\n\t\t\t\t\t\t\t\t\t<p>Passar de motxilles escolars plenes de llibres a mans brutes i un cor ple de records. L&#8217;escola estatal elemental Alikarnassou acull fam\u00edlies i estudiants de diferents or\u00edgens socials, econ\u00f2mics i educatius, aix\u00ed com estudiants refugiats de S\u00edria i l&#8217;Afganistan. Tal com afirma el seu director, anhelen un canvi que deixi enrere els llibres i aposti per l&#8217;educaci\u00f3 vivencial. <\/p>\n\t\t\t\t\t\t\t\t<\/div>\n\t\t\t\t<\/div>\n\t\t\t\t<div class=\"elementor-element elementor-element-39e0384d elementor-widget elementor-widget-testimonial\" data-id=\"39e0384d\" data-element_type=\"widget\" data-e-type=\"widget\" data-widget_type=\"testimonial.default\">\n\t\t\t\t<div class=\"elementor-widget-container\">\n\t\t\t\t\t\t\t<div class=\"elementor-testimonial-wrapper\">\n\t\t\t\t\t\t\t<div class=\"elementor-testimonial-content\"><p>Kostas, un experimentat coordinador de Projectes Europeus d'inclusi\u00f3 social d'Action Synergy, col\u00b7labora en la integraci\u00f3 del projecte Talent Maker a les pr\u00e0ctiques d'Educaci\u00f3 Prim\u00e0ria de manera sistematitzada per tal de traslladar-lo a professors amb contextos similars a Gr\u00e8cia i a tot Europa. <\/p>\n<p align=\"center\" style=\"margin: 0cm 0cm 8pt;line-height: 15.6933px;font-size: 11pt;font-family: Calibri, sans-serif;white-space: normal;text-align: center\"><span lang=\"EN-GB\"><i>\"Talent Maker per a mi i la meva escola \u00e9s un nou comen\u00e7ament, una nova era perqu\u00e8 crec que hem de canviar alguna cosa en la nostra educaci\u00f3 i Talent Maker ens ajudar\u00e0 en aquesta direcci\u00f3\".<\/i><\/span><\/span><i> <\/i><\/p>\n<\/div>\n\t\t\t\n\t\t\t\t\t\t<div class=\"elementor-testimonial-meta elementor-has-image elementor-testimonial-image-position-aside\">\n\t\t\t\t<div class=\"elementor-testimonial-meta-inner\">\n\t\t\t\t\t\t\t\t\t\t\t<div class=\"elementor-testimonial-image\">\n\t\t\t\t\t\t\t<img decoding=\"async\" width=\"820\" height=\"690\" src=\"https:\/\/talent-maker.eu\/wp-content\/uploads\/2023\/01\/Captura-de-Pantalla-2023-01-30-a-les-12.49.35.png\" class=\"attachment-full size-full wp-image-3398\" alt=\"\" srcset=\"https:\/\/talent-maker.eu\/wp-content\/uploads\/2023\/01\/Captura-de-Pantalla-2023-01-30-a-les-12.49.35.png 820w, https:\/\/talent-maker.eu\/wp-content\/uploads\/2023\/01\/Captura-de-Pantalla-2023-01-30-a-les-12.49.35-300x252.png 300w, https:\/\/talent-maker.eu\/wp-content\/uploads\/2023\/01\/Captura-de-Pantalla-2023-01-30-a-les-12.49.35-768x646.png 768w, https:\/\/talent-maker.eu\/wp-content\/uploads\/2023\/01\/Captura-de-Pantalla-2023-01-30-a-les-12.49.35-230x194.png 230w, https:\/\/talent-maker.eu\/wp-content\/uploads\/2023\/01\/Captura-de-Pantalla-2023-01-30-a-les-12.49.35-350x295.png 350w, https:\/\/talent-maker.eu\/wp-content\/uploads\/2023\/01\/Captura-de-Pantalla-2023-01-30-a-les-12.49.35-480x404.png 480w\" sizes=\"(max-width: 820px) 100vw, 820px\" \/>\t\t\t\t\t\t<\/div>\n\t\t\t\t\t\n\t\t\t\t\t\t\t\t\t\t<div class=\"elementor-testimonial-details\">\n\t\t\t\t\t\t\t\t\t\t\t\t\t\t<div class=\"elementor-testimonial-name\">Nikolaos Antonopoulos<\/div>\n\t\t\t\t\t\t\t\t\t\t\t\t\t\t\t\t\t\t\t\t\t\t<div class=\"elementor-testimonial-job\">Director <\/div>\n\t\t\t\t\t\t\t\t\t\t\t\t\t<\/div>\n\t\t\t\t\t\t\t\t\t<\/div>\n\t\t\t<\/div>\n\t\t\t\t\t<\/div>\n\t\t\t\t\t\t<\/div>\n\t\t\t\t<\/div>\n\t\t\t\t\t<\/div>\n\t\t<\/div>\n\t\t\t\t\t<\/div>\n\t\t<\/section>\n\t\t\t\t<\/div>\n\t\t","protected":false},"excerpt":{"rendered":"<p>Testimonis Vegeu com els membres de l&#8217;equip de Talent Maker d&#8217;Espanya, Romania i Gr\u00e8cia i professors formats en la seva Metodologia d&#8217;arreu d&#8217;Europa han experimentat el projecte. Coneix les persones que hi ha darrere dels nostres socis grecs i romanesos. Descobriu com defineixen Talent Maker i el significat de les [&hellip;]<\/p>\n","protected":false},"author":1,"featured_media":0,"parent":0,"menu_order":0,"comment_status":"closed","ping_status":"closed","template":"elementor_header_footer","meta":{"_acf_changed":false,"_monsterinsights_skip_tracking":false,"_monsterinsights_sitenote_active":false,"_monsterinsights_sitenote_note":"","_monsterinsights_sitenote_category":0,"footnotes":""},"class_list":["post-4500","page","type-page","status-publish","hentry"],"acf":[],"_links":{"self":[{"href":"https:\/\/talent-maker.eu\/ca\/wp-json\/wp\/v2\/pages\/4500","targetHints":{"allow":["GET"]}}],"collection":[{"href":"https:\/\/talent-maker.eu\/ca\/wp-json\/wp\/v2\/pages"}],"about":[{"href":"https:\/\/talent-maker.eu\/ca\/wp-json\/wp\/v2\/types\/page"}],"author":[{"embeddable":true,"href":"https:\/\/talent-maker.eu\/ca\/wp-json\/wp\/v2\/users\/1"}],"replies":[{"embeddable":true,"href":"https:\/\/talent-maker.eu\/ca\/wp-json\/wp\/v2\/comments?post=4500"}],"version-history":[{"count":5,"href":"https:\/\/talent-maker.eu\/ca\/wp-json\/wp\/v2\/pages\/4500\/revisions"}],"predecessor-version":[{"id":4819,"href":"https:\/\/talent-maker.eu\/ca\/wp-json\/wp\/v2\/pages\/4500\/revisions\/4819"}],"wp:attachment":[{"href":"https:\/\/talent-maker.eu\/ca\/wp-json\/wp\/v2\/media?parent=4500"}],"curies":[{"name":"wp","href":"https:\/\/api.w.org\/{rel}","templated":true}]}}